{"id":1017,"date":"2022-08-22T15:42:08","date_gmt":"2022-08-22T08:42:08","guid":{"rendered":"https:\/\/biomedical.vn\/?page_id=1017"},"modified":"2024-03-26T15:21:31","modified_gmt":"2024-03-26T08:21:31","slug":"site-map","status":"publish","type":"page","link":"https:\/\/biomedical.vn\/en\/site-map\/","title":{"rendered":"SITE MAP"},"content":{"rendered":"<div class=\"banner has-hover\" id=\"banner-1711082101\">\n          <div class=\"banner-inner fill\">\n        <div class=\"banner-bg fill\" >\n            <div class=\"bg fill bg-fill bg-loaded\"><\/div>\n                        <div class=\"overlay\"><\/div>            \n            <div class=\"effect-sparkle bg-effect fill no-click\"><\/div>        <\/div>\n\t\t\n        <div class=\"banner-layers container\">\n            <div class=\"fill banner-link\"><\/div>            \n\n   <div id=\"text-box-2060165291\" class=\"text-box banner-layer x50 md-x50 lg-x50 y50 md-y50 lg-y50 res-text\">\n                                <div class=\"text-box-content text dark\">\n              \n              <div class=\"text-inner text-center\">\n                  \n\n\n              <\/div>\n           <\/div>\n                            \n<style>\n#text-box-2060165291 {\n  width: 60%;\n}\n#text-box-2060165291 .text-box-content {\n  font-size: 100%;\n}\n<\/style>\n    <\/div>\n \n\n        <\/div>\n      <\/div>\n\n            \n<style>\n#banner-1711082101 {\n  padding-top: 297px;\n}\n#banner-1711082101 .bg.bg-loaded {\n  background-image: url(https:\/\/biomedical.vn\/wp-content\/uploads\/2022\/08\/13.jpg);\n}\n#banner-1711082101 .overlay {\n  background-color: rgba(0, 0, 0, 0.17);\n}\n<\/style>\n  <\/div>\n\n\n<div class=\"row row-small\"  id=\"row-2086093649\">\r\n\r\n\n\t<div id=\"col-1996077689\" class=\"col small-12 large-12\"  >\n\t\t\t\t<div class=\"col-inner\"  >\n\t\t\t\n\t\t\t\r\n\r\n<div class=\"message-box relative dark\" style=\"padding-top:8px;padding-bottom:8px;\"><div class=\"message-box-bg-image bg-fill fill\" ><\/div><div class=\"message-box-bg-overlay bg-fill fill\" style=\"background-color:rgb(130, 74, 26);\"><\/div><div class=\"container relative\"><div class=\"inner last-reset\">\r\n\r\n<div class=\"row align-middle align-center\"  id=\"row-608037437\">\r\n\r\n\n\t<div id=\"col-1882047312\" class=\"col small-12 large-12\"  >\n\t\t\t\t<div class=\"col-inner\"  >\n\t\t\t\n\t\t\t\r\n\r\n\t<div id=\"text-2635756371\" class=\"text\">\n\t\t\r\n<h3 style=\"text-align: center;\">SITE MAP<\/h3>\r\n\t\t\n<style>\n#text-2635756371 {\n  font-size: 0.9rem;\n}\n<\/style>\n\t<\/div>\n\t\r\n\r\n\t\t<\/div>\n\t\t\t\t\t<\/div>\n\n\t\r\n\r\n<\/div>\r\n\r\n<\/div><\/div><\/div>\r\n<ul class=\"sidebar-wrapper ul-reset widgets-boxed\"><aside id=\"nav_menu-6\" class=\"widget widget_nav_menu\"><div class=\"menu-menu-side-bar-container\"><ul id=\"menu-menu-side-bar\" class=\"menu\"><li id=\"menu-item-1113\" class=\"menu-item menu-item-type-post_type menu-item-object-page menu-item-1113\"><a href=\"https:\/\/biomedical.vn\/en\/gioi-thieu\/\">INTRODUCTION<\/a><\/li>\n<li id=\"menu-item-1025\" class=\"menu-item menu-item-type-taxonomy menu-item-object-product_cat menu-item-has-children menu-item-1025\"><a href=\"https:\/\/biomedical.vn\/en\/danh-muc\/truyen-mau\/\">HEMATOLOGY<\/a>\n<ul class=\"sub-menu\">\n\t<li id=\"menu-item-1026\" class=\"menu-item menu-item-type-taxonomy menu-item-object-product_cat menu-item-has-children menu-item-1026\"><a href=\"https:\/\/biomedical.vn\/en\/danh-muc\/truyen-mau\/truyen-mau-truyen-mau\/\">HEMATOLOGY-BLOOD TRANSFUSION<\/a>\n\t<ul class=\"sub-menu\">\n\t\t<li id=\"menu-item-1027\" class=\"menu-item menu-item-type-taxonomy menu-item-object-product_cat menu-item-has-children menu-item-1027\"><a href=\"https:\/\/biomedical.vn\/en\/danh-muc\/truyen-mau\/truyen-mau-truyen-mau\/vat-tu-tieu-hao-truyen-mau-truyen-mau\/\">Consumable supplies<\/a>\n\t\t<ul class=\"sub-menu\">\n\t\t\t<li id=\"menu-item-1089\" class=\"menu-item menu-item-type-post_type menu-item-object-product menu-item-1089\"><a href=\"https:\/\/biomedical.vn\/en\/product\/kim-canh-buom\/\">Kim c\u00e1nh b\u01b0\u1edbm<\/a><\/li>\n\t\t\t<li id=\"menu-item-1088\" class=\"menu-item menu-item-type-post_type menu-item-object-product menu-item-1088\"><a href=\"https:\/\/biomedical.vn\/en\/product\/nut-chan-kim-luon\/\">N\u00fat ch\u1eb7n kim lu\u1ed3n<\/a><\/li>\n\t\t\t<li id=\"menu-item-1087\" class=\"menu-item menu-item-type-post_type menu-item-object-product menu-item-1087\"><a href=\"https:\/\/biomedical.vn\/en\/product\/kim-luon\/\">Kim lu\u1ed3n t\u0129nh m\u1ea1ch<\/a><\/li>\n\t\t\t<li id=\"menu-item-1086\" class=\"menu-item menu-item-type-post_type menu-item-object-product menu-item-1086\"><a href=\"https:\/\/biomedical.vn\/en\/product\/day-truyen-mau\/\">D\u00e2y truy\u1ec1n m\u00e1u<\/a><\/li>\n\t\t\t<li id=\"menu-item-1085\" class=\"menu-item menu-item-type-post_type menu-item-object-product menu-item-1085\"><a href=\"https:\/\/biomedical.vn\/en\/product\/day-truyen-dich\/\">D\u00e2y truy\u1ec1n d\u1ecbch<\/a><\/li>\n\t\t<\/ul>\n<\/li>\n\t\t<li id=\"menu-item-1028\" class=\"menu-item menu-item-type-taxonomy menu-item-object-product_cat menu-item-has-children menu-item-1028\"><a href=\"https:\/\/biomedical.vn\/en\/danh-muc\/truyen-mau\/truyen-mau-truyen-mau\/thiet-bi-may-moc\/\">Thi\u1ebft b\u1ecb m\u00e1y m\u00f3c truy\u1ec1n m\u00e1u<\/a>\n\t\t<ul class=\"sub-menu\">\n\t\t\t<li id=\"menu-item-1090\" class=\"menu-item menu-item-type-post_type menu-item-object-product menu-item-1090\"><a href=\"https:\/\/biomedical.vn\/en\/product\/may-dinh-nhom-mau-tu-dong\/\">M\u00e1y \u0111\u1ecbnh nh\u00f3m m\u00e1u t\u1ef1 \u0111\u1ed9ng<\/a><\/li>\n\t\t\t<li id=\"menu-item-1091\" class=\"menu-item menu-item-type-post_type menu-item-object-product menu-item-1091\"><a href=\"https:\/\/biomedical.vn\/en\/product\/may-ep-tui-mau-tu-dong\/\">Automatic blood separator BMS TWiN6920 plus<\/a><\/li>\n\t\t\t<li id=\"menu-item-1092\" class=\"menu-item menu-item-type-post_type menu-item-object-product menu-item-1092\"><a href=\"https:\/\/biomedical.vn\/en\/product\/may-noi-day-tui-mau\/\">BMS Sterile tube welder<\/a><\/li>\n\t\t\t<li id=\"menu-item-1093\" class=\"menu-item menu-item-type-post_type menu-item-object-product menu-item-1093\"><a href=\"https:\/\/biomedical.vn\/en\/product\/may-tach-tieu-cau-tu-dong-mcs\/\">Haemonetics MCS+ Multi component blood separation System<\/a><\/li>\n\t\t<\/ul>\n<\/li>\n\t<\/ul>\n<\/li>\n\t<li id=\"menu-item-1029\" class=\"menu-item menu-item-type-taxonomy menu-item-object-product_cat menu-item-has-children menu-item-1029\"><a href=\"https:\/\/biomedical.vn\/en\/danh-muc\/truyen-mau\/huyet-hoc\/\">HEMATOLOGY<\/a>\n\t<ul class=\"sub-menu\">\n\t\t<li id=\"menu-item-1030\" class=\"menu-item menu-item-type-taxonomy menu-item-object-product_cat menu-item-has-children menu-item-1030\"><a href=\"https:\/\/biomedical.vn\/en\/danh-muc\/truyen-mau\/huyet-hoc\/test-nhanh-sang-loc\/\">Test nhanh s\u00e0ng l\u1ecdc<\/a>\n\t\t<ul class=\"sub-menu\">\n\t\t\t<li id=\"menu-item-1095\" class=\"menu-item menu-item-type-post_type menu-item-object-product menu-item-1095\"><a href=\"https:\/\/biomedical.vn\/en\/product\/test-nhanh-sang-loc-virut-sot-xuat-huyet-dengue-meril\/\">Test nhanh s\u00e0ng l\u1ecdc virut s\u1ed1t xu\u1ea5t huy\u1ebft Asan Easy Test\u00ae Dengue NS1 Ag 100<\/a><\/li>\n\t\t\t<li id=\"menu-item-1096\" class=\"menu-item menu-item-type-post_type menu-item-object-product menu-item-1096\"><a href=\"https:\/\/biomedical.vn\/en\/product\/test-nhanh-sang-loc-benh-giang-mai-syphilis-meril\/\">Test nhanh s\u00e0ng l\u1ecdc b\u1ec7nh  giang mai (Syphilis) Meril<\/a><\/li>\n\t\t\t<li id=\"menu-item-1097\" class=\"menu-item menu-item-type-post_type menu-item-object-product menu-item-1097\"><a href=\"https:\/\/biomedical.vn\/en\/product\/test-nhanh-sang-loc-hiv-hiv-1-2-wb-meril\/\">Test nhanh s\u00e0ng l\u1ecdc HIV  (HIV 1-2 WB) Meril<\/a><\/li>\n\t\t\t<li id=\"menu-item-1098\" class=\"menu-item menu-item-type-post_type menu-item-object-product menu-item-1098\"><a href=\"https:\/\/biomedical.vn\/en\/product\/test-nhanh-sang-loc-hbv-hiv-dengue-siphilis\/\">Test nhanh s\u00e0ng l\u1ecdc HBV (HBsAg Meril)<\/a><\/li>\n\t\t<\/ul>\n<\/li>\n\t\t<li id=\"menu-item-1031\" class=\"menu-item menu-item-type-taxonomy menu-item-object-product_cat menu-item-has-children menu-item-1031\"><a href=\"https:\/\/biomedical.vn\/en\/danh-muc\/truyen-mau\/huyet-hoc\/thiet-bi-may-moc-huyet-hoc\/\">Thi\u1ebft b\u1ecb m\u00e1y m\u00f3c huy\u1ebft h\u1ecdc<\/a>\n\t\t<ul class=\"sub-menu\">\n\t\t\t<li id=\"menu-item-1099\" class=\"menu-item menu-item-type-post_type menu-item-object-product menu-item-1099\"><a href=\"https:\/\/biomedical.vn\/en\/product\/bo-loc-bach-cau-cho-hong-cau\/\">B\u1ed9 l\u1ecdc b\u1ea1ch c\u1ea7u cho h\u1ed3ng c\u1ea7u<\/a><\/li>\n\t\t\t<li id=\"menu-item-1100\" class=\"menu-item menu-item-type-post_type menu-item-object-product menu-item-1100\"><a href=\"https:\/\/biomedical.vn\/en\/product\/bo-loc-bach-cau-cho-tieu-cau-pool\/\">B\u1ed9 l\u1ecdc b\u1ea1ch c\u1ea7u cho ti\u1ec3u c\u1ea7u pool<\/a><\/li>\n\t\t\t<li id=\"menu-item-1101\" class=\"menu-item menu-item-type-post_type menu-item-object-product menu-item-1101\"><a href=\"https:\/\/biomedical.vn\/en\/product\/hoa-chat-dinh-nhom-mau\/\">H\u00f3a ch\u1ea5t \u0111\u1ecbnh nh\u00f3m m\u00e1u<\/a><\/li>\n\t\t\t<li id=\"menu-item-1102\" class=\"menu-item menu-item-type-post_type menu-item-object-product menu-item-1102\"><a href=\"https:\/\/biomedical.vn\/en\/product\/may-xet-nghiem-dan-hoi-co-cuc-mau-rotem\/\">The ROTEM \u00ae Sigma<\/a><\/li>\n\t\t<\/ul>\n<\/li>\n\t<\/ul>\n<\/li>\n<\/ul>\n<\/li>\n<li id=\"menu-item-1032\" class=\"menu-item menu-item-type-taxonomy menu-item-object-product_cat menu-item-has-children menu-item-1032\"><a href=\"https:\/\/biomedical.vn\/en\/danh-muc\/sinh-hoc-phan-tu\/\">MOLECULAR BIOLOGY<\/a>\n<ul class=\"sub-menu\">\n\t<li id=\"menu-item-1038\" class=\"menu-item menu-item-type-taxonomy menu-item-object-product_cat menu-item-has-children menu-item-1038\"><a href=\"https:\/\/biomedical.vn\/en\/danh-muc\/sinh-hoc-phan-tu\/dna-extraction-kit\/\">DNA\/ARN Extraction Kit<\/a>\n\t<ul class=\"sub-menu\">\n\t\t<li id=\"menu-item-1108\" class=\"menu-item menu-item-type-post_type menu-item-object-product menu-item-1108\"><a href=\"https:\/\/biomedical.vn\/en\/product\/may-tach-chiet-axit-nucleic-tu-dong\/\">M\u00e1y t\u00e1ch chi\u1ebft Axit Nucleic t\u1ef1 \u0111\u1ed9ng<\/a><\/li>\n\t<\/ul>\n<\/li>\n\t<li id=\"menu-item-1033\" class=\"menu-item menu-item-type-taxonomy menu-item-object-product_cat menu-item-has-children menu-item-1033\"><a href=\"https:\/\/biomedical.vn\/en\/danh-muc\/sinh-hoc-phan-tu\/test-kits-for-other-diseases-diganostic-using-pcr-technology\/\">Test kits for other diseases diganostic using PCR technology<\/a>\n\t<ul class=\"sub-menu\">\n\t\t<li id=\"menu-item-1103\" class=\"menu-item menu-item-type-post_type menu-item-object-product menu-item-1103\"><a href=\"https:\/\/biomedical.vn\/en\/product\/kit-dinh-luong-virus-hiv\/\">Kit \u0111\u1ecbnh l\u01b0\u1ee3ng virus HIV<\/a><\/li>\n\t\t<li id=\"menu-item-1104\" class=\"menu-item menu-item-type-post_type menu-item-object-product menu-item-1104\"><a href=\"https:\/\/biomedical.vn\/en\/product\/kit-dinh-luong-virus-hcv\/\">Kit \u0111\u1ecbnh l\u01b0\u1ee3ng virus HCV<\/a><\/li>\n\t\t<li id=\"menu-item-1105\" class=\"menu-item menu-item-type-post_type menu-item-object-product menu-item-1105\"><a href=\"https:\/\/biomedical.vn\/en\/product\/kit-dinh-luong-virus-hbv\/\">Kit \u0111\u1ecbnh l\u01b0\u1ee3ng virus HBV<\/a><\/li>\n\t\t<li id=\"menu-item-1106\" class=\"menu-item menu-item-type-post_type menu-item-object-product menu-item-1106\"><a href=\"https:\/\/biomedical.vn\/en\/product\/bo-xet-nghiem-dai-dot-bien-%ce%b2\/\">B\u1ed9 x\u00e9t nghi\u1ec7m d\u1ea3i \u0111\u1ed9t bi\u1ebfn \u03b2 Thalassemia<\/a><\/li>\n\t\t<li id=\"menu-item-1107\" class=\"menu-item menu-item-type-post_type menu-item-object-product menu-item-1107\"><a href=\"https:\/\/biomedical.vn\/en\/product\/bo-xet-nghiem-dai-dot-bien-%ce%b1\/\">B\u1ed9 x\u00e9t nghi\u1ec7m d\u1ea3i \u0111\u1ed9t bi\u1ebfn \u03b1 Thalassemia<\/a><\/li>\n\t<\/ul>\n<\/li>\n\t<li id=\"menu-item-1039\" class=\"menu-item menu-item-type-taxonomy menu-item-object-product_cat menu-item-1039\"><a href=\"https:\/\/biomedical.vn\/en\/danh-muc\/sinh-hoc-phan-tu\/enzyme-for-pcr-polymerase\/\">Enzyme for PCR Polymerase<\/a><\/li>\n\t<li id=\"menu-item-1040\" class=\"menu-item menu-item-type-taxonomy menu-item-object-product_cat menu-item-has-children menu-item-1040\"><a href=\"https:\/\/biomedical.vn\/en\/danh-muc\/sinh-hoc-phan-tu\/hla\/\">HLA<\/a>\n\t<ul class=\"sub-menu\">\n\t\t<li id=\"menu-item-1109\" class=\"menu-item menu-item-type-post_type menu-item-object-product menu-item-1109\"><a href=\"https:\/\/biomedical.vn\/en\/product\/bo-kit-morgantm-hla-ssp\/\">B\u1ed9 Kit MorganTM HLA SSP<\/a><\/li>\n\t<\/ul>\n<\/li>\n<\/ul>\n<\/li>\n<li id=\"menu-item-1035\" class=\"menu-item menu-item-type-taxonomy menu-item-object-product_cat menu-item-has-children menu-item-1035\"><a href=\"https:\/\/biomedical.vn\/en\/danh-muc\/te-bao-goc\/\">STEM CELL<\/a>\n<ul class=\"sub-menu\">\n\t<li id=\"menu-item-1036\" class=\"menu-item menu-item-type-taxonomy menu-item-object-product_cat menu-item-has-children menu-item-1036\"><a href=\"https:\/\/biomedical.vn\/en\/danh-muc\/te-bao-goc\/biobanking\/\">Biobanking<\/a>\n\t<ul class=\"sub-menu\">\n\t\t<li id=\"menu-item-1110\" class=\"menu-item menu-item-type-post_type menu-item-object-product menu-item-1110\"><a href=\"https:\/\/biomedical.vn\/en\/product\/cac-thiet-bi-luu-tru\/\">Biobanking cryothern<\/a><\/li>\n\t<\/ul>\n<\/li>\n\t<li id=\"menu-item-1037\" class=\"menu-item menu-item-type-taxonomy menu-item-object-product_cat menu-item-1037\"><a href=\"https:\/\/biomedical.vn\/en\/danh-muc\/te-bao-goc\/vat-tu-tieu-hao\/\">Consumable supplies<\/a><\/li>\n<\/ul>\n<\/li>\n<li id=\"menu-item-1115\" class=\"menu-item menu-item-type-post_type menu-item-object-page menu-item-1115\"><a href=\"https:\/\/biomedical.vn\/en\/vitastiq-but-do-vi-chat\/\">VITASTIQ<\/a><\/li>\n<li id=\"menu-item-2679\" class=\"menu-item menu-item-type-post_type menu-item-object-page menu-item-2679\"><a href=\"https:\/\/biomedical.vn\/en\/eze\/\">EZE<\/a><\/li>\n<li id=\"menu-item-1117\" class=\"menu-item menu-item-type-taxonomy menu-item-object-category menu-item-has-children menu-item-1117\"><a href=\"https:\/\/biomedical.vn\/en\/chuyen-muc\/tin-tuc\/\">NEWS<\/a>\n<ul class=\"sub-menu\">\n\t<li id=\"menu-item-1118\" class=\"menu-item menu-item-type-taxonomy menu-item-object-category menu-item-has-children menu-item-1118\"><a href=\"https:\/\/biomedical.vn\/en\/chuyen-muc\/tin-tuc\/hoat-dong-cong-ty\/\">Ho\u1ea1t \u0111\u1ed9ng c\u1ee7a c\u00f4ng ty<\/a>\n\t<ul class=\"sub-menu\">\n\t\t<li id=\"menu-item-1134\" class=\"menu-item menu-item-type-post_type menu-item-object-post menu-item-1134\"><a href=\"https:\/\/biomedical.vn\/en\/biomedical-tham-chinh-thuc-troge-medical-gmbh\/\">BIOMEDICAL TH\u0102M CH\u00cdNH TH\u1ee8C TROGE MEDICAL GmbH<\/a><\/li>\n\t\t<li id=\"menu-item-1153\" class=\"menu-item menu-item-type-post_type menu-item-object-post menu-item-1153\"><a href=\"https:\/\/biomedical.vn\/en\/tang-ban-ep-tui-mau-cho-benh-vien-da-khoa-tinh-thanh-hoa\/\">T\u1eb6NG B\u00c0N \u00c9P T\u00daI M\u00c1U CHO B\u1ec6NH VI\u00caN \u0110A KHOA T\u1ec8NH THANH H\u00d3A<\/a><\/li>\n\t\t<li id=\"menu-item-1155\" class=\"menu-item menu-item-type-post_type menu-item-object-post menu-item-1155\"><a href=\"https:\/\/biomedical.vn\/en\/to-chuc-du-lich-nghi-mat-2022\/\">T\u1ed4 CH\u1ee8C DU L\u1ecaCH NGH\u1ec8 M\u00c1T 2022<\/a><\/li>\n\t\t<li id=\"menu-item-1139\" class=\"menu-item menu-item-type-post_type menu-item-object-post menu-item-1139\"><a href=\"https:\/\/biomedical.vn\/en\/chuyen-giao-may-vitastiq-cho-khoa-dinh-duong-benh-vien-noi-tiet-trung-uong\/\">CHUY\u1ec2N GIAO M\u00c1Y VITASTIQ CHO KHOA DINH D\u01af\u1ee0NG B\u1ec6NH VI\u1ec6N N\u1ed8I TI\u1ebeT TRUNG \u01af\u01a0NG<\/a><\/li>\n\t\t<li id=\"menu-item-1138\" class=\"menu-item menu-item-type-post_type menu-item-object-post menu-item-1138\"><a href=\"https:\/\/biomedical.vn\/en\/chuyen-giao-may-vazyme-cho-benh-vien-dhqg-hn\/\">CHUY\u1ec2N GIAO M\u00c1Y VAZYME CHO B\u1ec6NH VI\u1ec6N \u0110HQG HN<\/a><\/li>\n\t\t<li id=\"menu-item-1156\" class=\"menu-item menu-item-type-post_type menu-item-object-post menu-item-1156\"><a href=\"https:\/\/biomedical.vn\/en\/to-chuc-training-may-tach-chiet-vazyme\/\">T\u1ed4 CH\u1ee8C TRAINING M\u00c1Y T\u00c1CH CHI\u1ebeT VAZYME<\/a><\/li>\n\t\t<li id=\"menu-item-1144\" class=\"menu-item menu-item-type-post_type menu-item-object-post menu-item-1144\"><a href=\"https:\/\/biomedical.vn\/en\/gap-go-dai-dien-hang-meril\/\">G\u1eb6P G\u1ee0 \u0110\u1ea0I DI\u1ec6N H\u00c3NG MERIL<\/a><\/li>\n\t\t<li id=\"menu-item-1141\" class=\"menu-item menu-item-type-post_type menu-item-object-post menu-item-1141\"><a href=\"https:\/\/biomedical.vn\/en\/demo-may-tach-chiet-vazyme-tai-van-phong-cong-ty\/\">DEMO M\u00c1Y T\u00c1CH CHI\u1ebeT VAZYME T\u1ea0I V\u0102N PH\u00d2NG C\u00d4NG TY<\/a><\/li>\n\t\t<li id=\"menu-item-1149\" class=\"menu-item menu-item-type-post_type menu-item-object-post menu-item-1149\"><a href=\"https:\/\/biomedical.vn\/en\/lo-hang-troge-dau-tien-ve-viet-nam\/\">L\u00d4 H\u00c0NG TROGE \u0110\u1ea6U TI\u00caN V\u1ec0 VI\u1ec6T NAM<\/a><\/li>\n\t\t<li id=\"menu-item-1145\" class=\"menu-item menu-item-type-post_type menu-item-object-post menu-item-1145\"><a href=\"https:\/\/biomedical.vn\/en\/hien-mau-tinh-nguyen-vi-cong-dong\/\">HI\u1ebeN M\u00c1U T\u00ccNH NGUY\u1ec6N V\u00cc C\u1ed8NG \u0110\u1ed2NG<\/a><\/li>\n\t\t<li id=\"menu-item-1137\" class=\"menu-item menu-item-type-post_type menu-item-object-post menu-item-1137\"><a href=\"https:\/\/biomedical.vn\/en\/chuc-mung-quoc-te-phu-nu-8-3\/\">CH\u00daC M\u1eeaNG QU\u1ed0C T\u1ebe PH\u1ee4 N\u1eee 8\/3<\/a><\/li>\n\t\t<li id=\"menu-item-1142\" class=\"menu-item menu-item-type-post_type menu-item-object-post menu-item-1142\"><a href=\"https:\/\/biomedical.vn\/en\/demo-may-tach-tieu-cau-tu-dong-tai-bvdk-thanh-hoa\/\">DEMO M\u00c1Y T\u00c1CH TI\u1ec2U C\u1ea6U T\u1ef0 \u0110\u1ed8NG CHO BV\u0110K THANH H\u00d3A<\/a><\/li>\n\t\t<li id=\"menu-item-1143\" class=\"menu-item menu-item-type-post_type menu-item-object-post menu-item-1143\"><a href=\"https:\/\/biomedical.vn\/en\/demo-may-tho-tai-bvdk-thanh-hoa\/\">DEMO M\u00c1Y TH\u1ede T\u1ea0I BV\u0110K THANH H\u00d3A<\/a><\/li>\n\t\t<li id=\"menu-item-1146\" class=\"menu-item menu-item-type-post_type menu-item-object-post menu-item-1146\"><a href=\"https:\/\/biomedical.vn\/en\/khai-xuan-tet-2022\/\">KHAI XU\u00c2N T\u1ebeT 2022<\/a><\/li>\n\t\t<li id=\"menu-item-1148\" class=\"menu-item menu-item-type-post_type menu-item-object-post menu-item-1148\"><a href=\"https:\/\/biomedical.vn\/en\/lien-hoan-tat-nien-2022\/\">LI\u00caN HOAN T\u1ea4T NI\u00caN 2022<\/a><\/li>\n\t\t<li id=\"menu-item-1150\" class=\"menu-item menu-item-type-post_type menu-item-object-post menu-item-1150\"><a href=\"https:\/\/biomedical.vn\/en\/855-2\/\">NH\u1eacP TR\u1ea0CH V\u0102N PH\u00d2NG M\u1edaI<\/a><\/li>\n\t\t<li id=\"menu-item-1147\" class=\"menu-item menu-item-type-post_type menu-item-object-post menu-item-1147\"><a href=\"https:\/\/biomedical.vn\/en\/lien-hoan-don-hang-dau-tien-cho-benh-vien-trung-uong-hue\/\">LI\u00caN HOAN CHO \u0110\u01a0N H\u00c0NG \u0110\u1ea6U TI\u00caN<\/a><\/li>\n\t<\/ul>\n<\/li>\n\t<li id=\"menu-item-1119\" class=\"menu-item menu-item-type-taxonomy menu-item-object-category menu-item-has-children menu-item-1119\"><a href=\"https:\/\/biomedical.vn\/en\/chuyen-muc\/tin-tuc\/tin-tuc-chuyen-nganh\/\">Specialized news<\/a>\n\t<ul class=\"sub-menu\">\n\t\t<li id=\"menu-item-1135\" class=\"menu-item menu-item-type-post_type menu-item-object-post menu-item-1135\"><a href=\"https:\/\/biomedical.vn\/en\/cac-loai-xet-nghiem-sinh-hoc-phan-tu-thuong-dung-2\/\">C\u00e1c lo\u1ea1i x\u00e9t nghi\u1ec7m sinh h\u1ecdc ph\u00e2n t\u1eed th\u01b0\u1eddng d\u00f9ng<\/a><\/li>\n\t\t<li id=\"menu-item-1151\" class=\"menu-item menu-item-type-post_type menu-item-object-post menu-item-1151\"><a href=\"https:\/\/biomedical.vn\/en\/nhung-dieu-can-biet-truoc-khi-lam-xet-nghiem-mau\/\">Nh\u1eefng \u0111i\u1ec1u c\u1ea7n bi\u1ebft tr\u01b0\u1edbc khi l\u00e0m x\u00e9t nghi\u1ec7m m\u00e1u<\/a><\/li>\n\t\t<li id=\"menu-item-1152\" class=\"menu-item menu-item-type-post_type menu-item-object-post menu-item-1152\"><a href=\"https:\/\/biomedical.vn\/en\/ra-mat-tron-bo-sach-sinh-hoc-phan-tu-cua-te-bao\/\">Ra m\u1eaft tr\u1ecdn b\u1ed9 s\u00e1ch sinh h\u1ecdc ph\u00e2n t\u1eed c\u1ee7a t\u1ebf b\u00e0o<\/a><\/li>\n\t\t<li id=\"menu-item-1154\" class=\"menu-item menu-item-type-post_type menu-item-object-post menu-item-1154\"><a href=\"https:\/\/biomedical.vn\/en\/te-bao-goc-la-gi-va-vai-tro-cua-te-bao-goc\/\">T\u1ebf b\u00e0o g\u1ed1c l\u00e0 g\u00ec v\u00e0 vai tr\u00f2 c\u1ee7a t\u1ebf b\u00e0o g\u1ed1c?<\/a><\/li>\n\t\t<li id=\"menu-item-1136\" class=\"menu-item menu-item-type-post_type menu-item-object-post menu-item-1136\"><a href=\"https:\/\/biomedical.vn\/en\/cac-loai-xet-nghiem-sinh-hoc-phan-tu-thuong-dung\/\">C\u00e1c lo\u1ea1i x\u00e9t nghi\u1ec7m sinh h\u1ecdc ph\u00e2n t\u1eed th\u01b0\u1eddng d\u00f9ng<\/a><\/li>\n\t<\/ul>\n<\/li>\n\t<li id=\"menu-item-1120\" class=\"menu-item menu-item-type-taxonomy menu-item-object-category menu-item-has-children menu-item-1120\"><a href=\"https:\/\/biomedical.vn\/en\/chuyen-muc\/tin-tuc\/tuyen-dung\/\">Recruitment<\/a>\n\t<ul class=\"sub-menu\">\n\t\t<li id=\"menu-item-1158\" class=\"menu-item menu-item-type-post_type menu-item-object-post menu-item-1158\"><a href=\"https:\/\/biomedical.vn\/en\/dang-cap-nhap-thong-tin-tuyen-dung\/\">\u0110ANG C\u1eacP NH\u1eacP TH\u00d4NG TIN TUY\u1ec2N D\u1ee4NG<\/a><\/li>\n\t<\/ul>\n<\/li>\n<\/ul>\n<\/li>\n<li id=\"menu-item-1112\" class=\"menu-item menu-item-type-post_type menu-item-object-page menu-item-1112\"><a href=\"https:\/\/biomedical.vn\/en\/lien-he\/\">CONTACT<\/a><\/li>\n<li id=\"menu-item-1116\" class=\"menu-item menu-item-type-post_type menu-item-object-page menu-item-1116\"><a href=\"https:\/\/biomedical.vn\/en\/site-map\/\">SITE MAP<\/a><\/li>\n<li id=\"menu-item-2680\" class=\"menu-item menu-item-type-post_type menu-item-object-page menu-item-2680\"><a href=\"https:\/\/biomedical.vn\/en\/jcring\/\">JCRing<\/a><\/li>\n<\/ul><\/div><\/aside><\/ul>\r\n\r\n\t\t<\/div>\n\t\t\t\t\n<style>\n#col-1996077689 > .col-inner {\n  padding: 12px 0px 0px 0px;\n}\n<\/style>\n\t<\/div>\n\n\t\r\n\r\n<\/div>","protected":false},"excerpt":{"rendered":"","protected":false},"author":15,"featured_media":0,"parent":0,"menu_order":0,"comment_status":"closed","ping_status":"closed","template":"","meta":{"footnotes":""},"class_list":["post-1017","page","type-page","status-publish","hentry"],"_links":{"self":[{"href":"https:\/\/biomedical.vn\/en\/wp-json\/wp\/v2\/pages\/1017","targetHints":{"allow":["GET"]}}],"collection":[{"href":"https:\/\/biomedical.vn\/en\/wp-json\/wp\/v2\/pages"}],"about":[{"href":"https:\/\/biomedical.vn\/en\/wp-json\/wp\/v2\/types\/page"}],"author":[{"embeddable":true,"href":"https:\/\/biomedical.vn\/en\/wp-json\/wp\/v2\/users\/15"}],"replies":[{"embeddable":true,"href":"https:\/\/biomedical.vn\/en\/wp-json\/wp\/v2\/comments?post=1017"}],"version-history":[{"count":1,"href":"https:\/\/biomedical.vn\/en\/wp-json\/wp\/v2\/pages\/1017\/revisions"}],"predecessor-version":[{"id":2678,"href":"https:\/\/biomedical.vn\/en\/wp-json\/wp\/v2\/pages\/1017\/revisions\/2678"}],"wp:attachment":[{"href":"https:\/\/biomedical.vn\/en\/wp-json\/wp\/v2\/media?parent=1017"}],"curies":[{"name":"wp","href":"https:\/\/api.w.org\/{rel}","templated":true}]}}