{"id":2698,"date":"2024-03-27T16:16:38","date_gmt":"2024-03-27T09:16:38","guid":{"rendered":"https:\/\/biomedical.vn\/?page_id=2698"},"modified":"2024-03-29T10:02:03","modified_gmt":"2024-03-29T03:02:03","slug":"homecare-2","status":"publish","type":"page","link":"https:\/\/biomedical.vn\/en\/homecare-2\/","title":{"rendered":"HOMECARE"},"content":{"rendered":"<div class=\"row\"  id=\"row-1260215085\">\n\n\n\t<div id=\"col-2013300656\" class=\"col medium-4 small-12 large-4\"  >\n\t\t\t\t<div class=\"col-inner\"  >\n\t\t\t\n\t\t\t\n\n\n  <div class=\"banner has-hover\" id=\"banner-343653596\">\n          <div class=\"banner-inner fill\">\n        <div class=\"banner-bg fill\" >\n            <div class=\"bg fill bg-fill bg-loaded\"><\/div>\n                                    \n                    <\/div>\n\t\t\n        <div class=\"banner-layers container\">\n            <a class=\"fill\" href=\"https:\/\/biomedical.vn\/en\/vitastiq-but-do-vi-chat\/\" ><div class=\"fill banner-link\"><\/div><\/a>            \n\n   <div id=\"text-box-1900677919\" class=\"text-box banner-layer x50 md-x50 lg-x50 y50 md-y50 lg-y50 res-text\">\n                                <div class=\"text-box-content text dark\">\n              \n              <div class=\"text-inner text-center\">\n                  \n\n\n              <\/div>\n           <\/div>\n                            \n<style>\n#text-box-1900677919 {\n  width: 60%;\n}\n#text-box-1900677919 .text-box-content {\n  font-size: 100%;\n}\n<\/style>\n    <\/div>\n \n\n        <\/div>\n      <\/div>\n\n              <div class=\"height-fix is-invisible\"><img loading=\"lazy\" decoding=\"async\" width=\"640\" height=\"640\" src=\"https:\/\/biomedical.vn\/wp-content\/uploads\/2023\/02\/vitastiq222.webp\" class=\"attachment-large size-large\" alt=\"\" srcset=\"https:\/\/biomedical.vn\/wp-content\/uploads\/2023\/02\/vitastiq222.webp 640w, https:\/\/biomedical.vn\/wp-content\/uploads\/2023\/02\/vitastiq222-300x300.webp 300w, https:\/\/biomedical.vn\/wp-content\/uploads\/2023\/02\/vitastiq222-150x150.webp 150w, https:\/\/biomedical.vn\/wp-content\/uploads\/2023\/02\/vitastiq222-12x12.webp 12w, https:\/\/biomedical.vn\/wp-content\/uploads\/2023\/02\/vitastiq222-600x600.webp 600w, https:\/\/biomedical.vn\/wp-content\/uploads\/2023\/02\/vitastiq222-100x100.webp 100w\" sizes=\"auto, (max-width: 640px) 100vw, 640px\" \/><\/div>\n            \n<style>\n#banner-343653596 .bg.bg-loaded {\n  background-image: url(https:\/\/biomedical.vn\/wp-content\/uploads\/2023\/02\/vitastiq222.webp);\n}\n<\/style>\n  <\/div>\n\n\n\t<div id=\"text-4147951073\" class=\"text\">\n\t\t\n\n<h2>B\u00daT \u0110O VI CH\u1ea4T VITASTIQ<\/h2>\n\t\t\n<style>\n#text-4147951073 {\n  font-size: 0.85rem;\n  line-height: 1.6;\n  text-align: center;\n}\n<\/style>\n\t<\/div>\n\t\n\n\t\t<\/div>\n\t\t\t\t\t<\/div>\n\n\t\n\n\t<div id=\"col-1170307276\" class=\"col medium-4 small-12 large-4\"  >\n\t\t\t\t<div class=\"col-inner\"  >\n\t\t\t\n\t\t\t\n\n\n  <div class=\"banner has-hover\" id=\"banner-1210312152\">\n          <div class=\"banner-inner fill\">\n        <div class=\"banner-bg fill\" >\n            <div class=\"bg fill bg-fill bg-loaded\"><\/div>\n                                    \n                    <\/div>\n\t\t\n        <div class=\"banner-layers container\">\n            <a class=\"fill\" href=\"https:\/\/biomedical.vn\/en\/jcring\/\" ><div class=\"fill banner-link\"><\/div><\/a>            \n\n   <div id=\"text-box-413044398\" class=\"text-box banner-layer x50 md-x50 lg-x50 y50 md-y50 lg-y50 res-text\">\n                                <div class=\"text-box-content text dark\">\n              \n              <div class=\"text-inner text-center\">\n                  \n\n\n              <\/div>\n           <\/div>\n                            \n<style>\n#text-box-413044398 {\n  width: 60%;\n}\n#text-box-413044398 .text-box-content {\n  font-size: 100%;\n}\n<\/style>\n    <\/div>\n \n\n        <\/div>\n      <\/div>\n\n            \n<style>\n#banner-1210312152 {\n  padding-top: 99.99%;\n}\n#banner-1210312152 .bg.bg-loaded {\n  background-image: url(https:\/\/biomedical.vn\/wp-content\/uploads\/2024\/03\/nhann1.jpg);\n}\n<\/style>\n  <\/div>\n\n\n\t<div id=\"text-1205498160\" class=\"text\">\n\t\t\n\n<h2>NH\u1eaaN TH\u00d4NG MINH JCRING<\/h2>\n\t\t\n<style>\n#text-1205498160 {\n  font-size: 0.85rem;\n  text-align: center;\n}\n<\/style>\n\t<\/div>\n\t\n\n\t\t<\/div>\n\t\t\t\t\t<\/div>\n\n\t\n\n\t<div id=\"col-1715610631\" class=\"col medium-4 small-12 large-4\"  >\n\t\t\t\t<div class=\"col-inner\"  >\n\t\t\t\n\t\t\t\n\n\n  <div class=\"banner has-hover\" id=\"banner-1770890909\">\n          <div class=\"banner-inner fill\">\n        <div class=\"banner-bg fill\" >\n            <div class=\"bg fill bg-fill bg-loaded\"><\/div>\n                                    \n                    <\/div>\n\t\t\n        <div class=\"banner-layers container\">\n            <a class=\"fill\" href=\"https:\/\/biomedical.vn\/en\/eze\/\" ><div class=\"fill banner-link\"><\/div><\/a>            \n\n   <div id=\"text-box-1947060826\" class=\"text-box banner-layer x50 md-x50 lg-x50 y50 md-y50 lg-y50 res-text\">\n                                <div class=\"text-box-content text dark\">\n              \n              <div class=\"text-inner text-center\">\n                  \n\n\n              <\/div>\n           <\/div>\n                            \n<style>\n#text-box-1947060826 {\n  width: 60%;\n}\n#text-box-1947060826 .text-box-content {\n  font-size: 100%;\n}\n<\/style>\n    <\/div>\n \n\n        <\/div>\n      <\/div>\n\n            \n<style>\n#banner-1770890909 {\n  padding-top: 99.99%;\n}\n#banner-1770890909 .bg.bg-loaded {\n  background-image: url(https:\/\/biomedical.vn\/wp-content\/uploads\/2024\/03\/product1.png);\n}\n#banner-1770890909 .bg {\n  background-position: 68% 54%;\n}\n<\/style>\n  <\/div>\n\n\n\t<div id=\"text-1403232817\" class=\"text\">\n\t\t\n\n<h2>\u00a0\u0110O HEMOGLOBIN KH\u00d4NG X\u00c2M L\u1ea4N &#8211; EZECHECK<\/h2>\n\t\t\n<style>\n#text-1403232817 {\n  font-size: 0.85rem;\n  text-align: center;\n}\n<\/style>\n\t<\/div>\n\t\n\n\t\t<\/div>\n\t\t\t\t\t<\/div>\n\n\t\n\n<\/div>","protected":false},"excerpt":{"rendered":"","protected":false},"author":15,"featured_media":0,"parent":0,"menu_order":0,"comment_status":"closed","ping_status":"closed","template":"","meta":{"footnotes":""},"class_list":["post-2698","page","type-page","status-publish","hentry"],"_links":{"self":[{"href":"https:\/\/biomedical.vn\/en\/wp-json\/wp\/v2\/pages\/2698","targetHints":{"allow":["GET"]}}],"collection":[{"href":"https:\/\/biomedical.vn\/en\/wp-json\/wp\/v2\/pages"}],"about":[{"href":"https:\/\/biomedical.vn\/en\/wp-json\/wp\/v2\/types\/page"}],"author":[{"embeddable":true,"href":"https:\/\/biomedical.vn\/en\/wp-json\/wp\/v2\/users\/15"}],"replies":[{"embeddable":true,"href":"https:\/\/biomedical.vn\/en\/wp-json\/wp\/v2\/comments?post=2698"}],"version-history":[{"count":5,"href":"https:\/\/biomedical.vn\/en\/wp-json\/wp\/v2\/pages\/2698\/revisions"}],"predecessor-version":[{"id":2791,"href":"https:\/\/biomedical.vn\/en\/wp-json\/wp\/v2\/pages\/2698\/revisions\/2791"}],"wp:attachment":[{"href":"https:\/\/biomedical.vn\/en\/wp-json\/wp\/v2\/media?parent=2698"}],"curies":[{"name":"wp","href":"https:\/\/api.w.org\/{rel}","templated":true}]}}