{"id":348,"date":"2022-05-06T09:22:28","date_gmt":"2022-05-06T02:22:28","guid":{"rendered":"https:\/\/biomedical.vn\/?page_id=348"},"modified":"2022-08-11T15:57:35","modified_gmt":"2022-08-11T08:57:35","slug":"sinh-hoc-phan-tu","status":"publish","type":"page","link":"https:\/\/biomedical.vn\/en\/sinh-hoc-phan-tu\/","title":{"rendered":"Molecular Biology"},"content":{"rendered":"<div class=\"banner has-hover\" id=\"banner-741497619\">\n          <div class=\"banner-inner fill\">\n        <div class=\"banner-bg fill\" >\n            <div class=\"bg fill bg-fill bg-loaded\"><\/div>\n                        <div class=\"overlay\"><\/div>            \n                    <\/div>\n\t\t\n        <div class=\"banner-layers container\">\n            <div class=\"fill banner-link\"><\/div>            \n\n   <div id=\"text-box-731137669\" class=\"text-box banner-layer x15 md-x15 lg-x15 y35 md-y35 lg-y35 res-text\">\n                                <div class=\"text-box-content text dark\">\n              \n              <div class=\"text-inner text-center\">\n                  \n\n<h3 class=\"uppercase\">MOLECULAR BIOLOGICAL PRODUCTS<\/h3>\n<p>Biomedical is proud to bring the best and most modern equipment from famous manufacturers around the world to patients.<\/p>\n\n              <\/div>\n           <\/div>\n                            \n<style>\n#text-box-731137669 {\n  width: 70%;\n}\n#text-box-731137669 .text-box-content {\n  font-size: 116%;\n}\n<\/style>\n    <\/div>\n \n\n        <\/div>\n      <\/div>\n\n              <div class=\"height-fix is-invisible\"><img loading=\"lazy\" decoding=\"async\" width=\"450\" height=\"320\" src=\"https:\/\/biomedical.vn\/wp-content\/uploads\/2022\/08\/sinhhojcphantu1.jpg\" class=\"attachment-original size-original\" alt=\"\" srcset=\"https:\/\/biomedical.vn\/wp-content\/uploads\/2022\/08\/sinhhojcphantu1.jpg 450w, https:\/\/biomedical.vn\/wp-content\/uploads\/2022\/08\/sinhhojcphantu1-300x213.jpg 300w, https:\/\/biomedical.vn\/wp-content\/uploads\/2022\/08\/sinhhojcphantu1-18x12.jpg 18w\" sizes=\"auto, (max-width: 450px) 100vw, 450px\" \/><\/div>\n            \n<style>\n#banner-741497619 .bg.bg-loaded {\n  background-image: url(https:\/\/biomedical.vn\/wp-content\/uploads\/2022\/08\/sinhhojcphantu1.jpg);\n}\n#banner-741497619 .overlay {\n  background-color: rgba(0, 0, 0, 0.494);\n}\n#banner-741497619 .bg {\n  background-position: 17% 42%;\n}\n<\/style>\n  <\/div>\n\n\n<div class=\"row row-small\"  id=\"row-271457621\">\n\n\n\t<div id=\"col-1122374938\" class=\"col medium-3 small-12 large-3\"  >\n\t\t\t\t<div class=\"col-inner text-center\"  >\n\t\t\t\n\t<div class=\"is-border\"\n\t\tstyle=\"border-color:rgb(199, 194, 194);border-width:1px 1px 1px 1px;\">\n\t<\/div>\n\t\t\t\n\n<div class=\"row row-small row-solid\"  id=\"row-184160122\">\n\n\n\t<div id=\"col-1359023739\" class=\"col medium-11 small-12 large-11\"  >\n\t\t\t\t<div class=\"col-inner\" style=\"background-color:rgb(202, 23, 23);\" >\n\t\t\t\n\t\t\t\n\n\t<div id=\"text-324477619\" class=\"text\">\n\t\t\n\n<h3><strong>MOLECULAR BIOLOGICAL PRODUCTS<\/strong><\/h3>\n\t\t\n<style>\n#text-324477619 {\n  font-size: 1.05rem;\n  line-height: 1.4;\n  text-align: center;\n  color: rgb(247, 247, 247);\n}\n#text-324477619 > * {\n  color: rgb(247, 247, 247);\n}\n<\/style>\n\t<\/div>\n\t\n\n\t\t<\/div>\n\t\t\t\t\n<style>\n#col-1359023739 > .col-inner {\n  padding: 5px 0px 2px 0px;\n}\n<\/style>\n\t<\/div>\n\n\t\n\n<\/div>\n\t<div class=\"ux-menu stack stack-col justify-start ux-menu--divider-solid\">\n\t\t\n\n\t<div class=\"ux-menu-link flex menu-item\">\n\t\t<a class=\"ux-menu-link__link flex\" href=\"https:\/\/biomedical.vn\/en\/danh-muc\/sinh-hoc-phan-tu\/hla\/\" >\n\t\t\t<i class=\"ux-menu-link__icon text-center icon-shopping-cart\" ><\/i>\t\t\t<span class=\"ux-menu-link__text\">\n\t\t\t\tHLA\t\t\t<\/span>\n\t\t<\/a>\n\t<\/div>\n\t\n\n\t<div class=\"ux-menu-link flex menu-item\">\n\t\t<a class=\"ux-menu-link__link flex\" href=\"https:\/\/biomedical.vn\/en\/danh-muc\/sinh-hoc-phan-tu\/dna-extraction-kit\/\" >\n\t\t\t<i class=\"ux-menu-link__icon text-center icon-shopping-cart\" ><\/i>\t\t\t<span class=\"ux-menu-link__text\">\n\t\t\t\tDNA Extraction Kit\t\t\t<\/span>\n\t\t<\/a>\n\t<\/div>\n\t\n\n\t<div class=\"ux-menu-link flex menu-item\">\n\t\t<a class=\"ux-menu-link__link flex\" href=\"https:\/\/biomedical.vn\/en\/danh-muc\/sinh-hoc-phan-tu\/enzyme-for-pcr-polymerase\/\" >\n\t\t\t<i class=\"ux-menu-link__icon text-center icon-shopping-cart\" ><\/i>\t\t\t<span class=\"ux-menu-link__text\">\n\t\t\t\tEnzyme for PCR Polymerase\t\t\t<\/span>\n\t\t<\/a>\n\t<\/div>\n\t\n\n\t<div class=\"ux-menu-link flex menu-item\">\n\t\t<a class=\"ux-menu-link__link flex\" href=\"https:\/\/biomedical.vn\/en\/danh-muc\/sinh-hoc-phan-tu\/test-kits-for-other-diseases-diganostic-using-pcr-technology\/\" >\n\t\t\t<i class=\"ux-menu-link__icon text-center icon-shopping-cart\" ><\/i>\t\t\t<span class=\"ux-menu-link__text\">\n\t\t\t\tTest kits for other diseases diganostic using PCR technology\t\t\t<\/span>\n\t\t<\/a>\n\t<\/div>\n\t\n\n\n\t<\/div>\n\t\n<div class=\"row row-collapse align-middle\"  id=\"row-1738054295\">\n\n\n\t<div id=\"col-1512411931\" class=\"col small-12 large-12\"  >\n\t\t\t\t<div class=\"col-inner dark\" style=\"background-color:rgb(247, 179, 28);\" >\n\t\t\t\n\t\t\t\n\n\t<div id=\"text-2406032847\" class=\"text\">\n\t\t\n\n<h3>MANUFACTURER<\/h3>\n\t\t\n<style>\n#text-2406032847 {\n  text-align: center;\n}\n<\/style>\n\t<\/div>\n\t\n\n\t\t<\/div>\n\t\t\t\t\n<style>\n#col-1512411931 > .col-inner {\n  padding: 5px 0px 2px 0px;\n}\n<\/style>\n\t<\/div>\n\n\t\n\n<\/div>\n<div class=\"row row-collapse\"  id=\"row-1834057157\">\n\n\n\t<div id=\"col-1195821324\" class=\"col small-12 large-12\"  >\n\t\t\t\t<div class=\"col-inner\"  >\n\t\t\t\n\t\t\t\n\n\t<div class=\"ux-menu stack stack-col justify-start ux-menu--divider-solid\">\n\t\t\n\n\t<div class=\"ux-menu-link flex menu-item label-hot\">\n\t\t<a class=\"ux-menu-link__link flex\" href=\"https:\/\/biomedical.vn\/en\/danh-muc\/hang-san-xuat\/vazyme\/\" >\n\t\t\t<i class=\"ux-menu-link__icon text-center icon-search\" ><\/i>\t\t\t<span class=\"ux-menu-link__text\">\n\t\t\t\tVAZYME\t\t\t<\/span>\n\t\t<\/a>\n\t<\/div>\n\t\n\n\t<div class=\"ux-menu-link flex menu-item label-hot\">\n\t\t<a class=\"ux-menu-link__link flex\" href=\"https:\/\/biomedical.vn\/en\/danh-muc\/hang-san-xuat\/vietnalab\/\" >\n\t\t\t<i class=\"ux-menu-link__icon text-center icon-search\" ><\/i>\t\t\t<span class=\"ux-menu-link__text\">\n\t\t\t\tVIENNALAB\t\t\t<\/span>\n\t\t<\/a>\n\t<\/div>\n\t\n\n\n\t<\/div>\n\t\n\n\t\t<\/div>\n\t\t\t\t\n<style>\n#col-1195821324 > .col-inner {\n  padding: 0px 0px 0px 12px;\n}\n<\/style>\n\t<\/div>\n\n\t\n\n<\/div>\n\n\t\t<\/div>\n\t\t\t\t\n<style>\n#col-1122374938 > .col-inner {\n  padding: 0px 0px 0px 0px;\n}\n<\/style>\n\t<\/div>\n\n\t\n\n\t<div id=\"col-1321108770\" class=\"col medium-9 small-12 large-9\"  >\n\t\t\t\t<div class=\"col-inner\"  >\n\t\t\t\n\t\t\t\n\n\t\n  \n    <div id=\"product-grid-182427194\" class=\"row large-columns-4 medium-columns-3 small-columns-2 row-small has-shadow row-box-shadow-2 row-box-shadow-5-hover row-masonry\" data-packery-options='{\"itemSelector\": \".col\", \"gutter\": 0, \"presentageWidth\" : true}'>\n\n  \n\t     <div class=\"col\" >\n\t\t\t\t\t\t<div class=\"col-inner\">\n\t\t\t\t\t\t\n<div class=\"badge-container absolute left top z-1\">\n\n<\/div>\n\t\t\t\t\t\t<div class=\"product-small box has-hover box-normal box-text-bottom\">\n\t\t\t\t\t\t\t<div class=\"box-image\" >\n\t\t\t\t\t\t\t\t<div class=\"\" >\n\t\t\t\t\t\t\t\t\t<a href=\"https:\/\/biomedical.vn\/en\/product\/may-tach-chiet-axit-nucleic-tu-dong\/\" aria-label=\"M\u00e1y t\u00e1ch chi\u1ebft Axit Nucleic t\u1ef1 \u0111\u1ed9ng\">\n\t\t\t\t\t\t\t\t\t\t<img loading=\"lazy\" decoding=\"async\" width=\"300\" height=\"225\" src=\"https:\/\/biomedical.vn\/wp-content\/uploads\/2022\/06\/Navy-Gold-Animated-Illustration-Ramadan-Kareem-Poster-30-\u00d7-30-cm-25-\u00d7-25-cm-20-\u00d7-20-cm-300x225.jpg\" class=\"show-on-hover absolute fill hide-for-small back-image\" alt=\"\" \/><img loading=\"lazy\" decoding=\"async\" width=\"300\" height=\"225\" src=\"https:\/\/biomedical.vn\/wp-content\/uploads\/2022\/06\/5-300x225.jpg\" class=\"attachment-woocommerce_thumbnail size-woocommerce_thumbnail\" alt=\"\" \/>\t\t\t\t\t\t\t\t\t<\/a>\n\t\t\t\t\t\t\t\t\t\t\t\t\t\t\t\t\t\t \t\t\t\t\t\t\t\t<\/div>\n\t\t\t\t\t\t\t\t<div class=\"image-tools top right show-on-hover\">\n\t\t\t\t\t\t\t\t\t\t\t\t\t\t\t\t\t<\/div>\n\t\t\t\t\t\t\t\t\t\t\t\t\t\t\t\t\t<div class=\"image-tools grid-tools text-center hide-for-small bottom hover-slide-in show-on-hover\">\n\t\t\t\t\t\t\t\t\t\t  <a class=\"quick-view\" data-prod=\"597\" href=\"#quick-view\">Quick View<\/a>\t\t\t\t\t\t\t\t\t<\/div>\n\t\t\t\t\t\t\t\t\t\t\t\t\t\t\t\t\t\t\t\t\t\t\t<\/div>\n\n\t\t\t\t\t\t\t<div class=\"box-text text-center\" >\n\t\t\t\t\t\t\t\t<div class=\"title-wrapper\">\t\t<p class=\"category uppercase is-smaller no-text-overflow product-cat op-7\">\n\t\t\tDNA\/ARN Extraction Kit\t\t<\/p>\n\t<p class=\"name product-title woocommerce-loop-product__title\"><a href=\"https:\/\/biomedical.vn\/en\/product\/may-tach-chiet-axit-nucleic-tu-dong\/\" class=\"woocommerce-LoopProduct-link woocommerce-loop-product__link\">M\u00e1y t\u00e1ch chi\u1ebft Axit Nucleic t\u1ef1 \u0111\u1ed9ng<\/a><\/p><\/div><div class=\"price-wrapper\">\n<\/div>\t\t\t\t\t\t\t<\/div>\n\t\t\t\t\t\t<\/div>\n\t\t\t\t\t\t<\/div>\n\t\t\t\t\t<\/div><div class=\"col\" >\n\t\t\t\t\t\t<div class=\"col-inner\">\n\t\t\t\t\t\t\n<div class=\"badge-container absolute left top z-1\">\n\n<\/div>\n\t\t\t\t\t\t<div class=\"product-small box has-hover box-normal box-text-bottom\">\n\t\t\t\t\t\t\t<div class=\"box-image\" >\n\t\t\t\t\t\t\t\t<div class=\"\" >\n\t\t\t\t\t\t\t\t\t<a href=\"https:\/\/biomedical.vn\/en\/product\/bo-xet-nghiem-dai-dot-bien-%ce%b2\/\" aria-label=\"B\u1ed9 x\u00e9t nghi\u1ec7m d\u1ea3i \u0111\u1ed9t bi\u1ebfn \u03b2 Thalassemia\">\n\t\t\t\t\t\t\t\t\t\t<img loading=\"lazy\" decoding=\"async\" width=\"300\" height=\"225\" src=\"https:\/\/biomedical.vn\/wp-content\/uploads\/2022\/06\/8-300x225.jpg\" class=\"attachment-woocommerce_thumbnail size-woocommerce_thumbnail\" alt=\"\" \/>\t\t\t\t\t\t\t\t\t<\/a>\n\t\t\t\t\t\t\t\t\t\t\t\t\t\t\t\t\t\t \t\t\t\t\t\t\t\t<\/div>\n\t\t\t\t\t\t\t\t<div class=\"image-tools top right show-on-hover\">\n\t\t\t\t\t\t\t\t\t\t\t\t\t\t\t\t\t<\/div>\n\t\t\t\t\t\t\t\t\t\t\t\t\t\t\t\t\t<div class=\"image-tools grid-tools text-center hide-for-small bottom hover-slide-in show-on-hover\">\n\t\t\t\t\t\t\t\t\t\t  <a class=\"quick-view\" data-prod=\"596\" href=\"#quick-view\">Quick View<\/a>\t\t\t\t\t\t\t\t\t<\/div>\n\t\t\t\t\t\t\t\t\t\t\t\t\t\t\t\t\t\t\t\t\t\t\t<\/div>\n\n\t\t\t\t\t\t\t<div class=\"box-text text-center\" >\n\t\t\t\t\t\t\t\t<div class=\"title-wrapper\">\t\t<p class=\"category uppercase is-smaller no-text-overflow product-cat op-7\">\n\t\t\tMOLECULAR BIOLOGY\t\t<\/p>\n\t<p class=\"name product-title woocommerce-loop-product__title\"><a href=\"https:\/\/biomedical.vn\/en\/product\/bo-xet-nghiem-dai-dot-bien-%ce%b2\/\" class=\"woocommerce-LoopProduct-link woocommerce-loop-product__link\">B\u1ed9 x\u00e9t nghi\u1ec7m d\u1ea3i \u0111\u1ed9t bi\u1ebfn \u03b2 Thalassemia<\/a><\/p><\/div><div class=\"price-wrapper\">\n<\/div>\t\t\t\t\t\t\t<\/div>\n\t\t\t\t\t\t<\/div>\n\t\t\t\t\t\t<\/div>\n\t\t\t\t\t<\/div><div class=\"col\" >\n\t\t\t\t\t\t<div class=\"col-inner\">\n\t\t\t\t\t\t\n<div class=\"badge-container absolute left top z-1\">\n\n<\/div>\n\t\t\t\t\t\t<div class=\"product-small box has-hover box-normal box-text-bottom\">\n\t\t\t\t\t\t\t<div class=\"box-image\" >\n\t\t\t\t\t\t\t\t<div class=\"\" >\n\t\t\t\t\t\t\t\t\t<a href=\"https:\/\/biomedical.vn\/en\/product\/bo-xet-nghiem-dai-dot-bien-%ce%b1\/\" aria-label=\"B\u1ed9 x\u00e9t nghi\u1ec7m d\u1ea3i \u0111\u1ed9t bi\u1ebfn \u03b1 Thalassemia\">\n\t\t\t\t\t\t\t\t\t\t<img loading=\"lazy\" decoding=\"async\" width=\"300\" height=\"225\" src=\"https:\/\/biomedical.vn\/wp-content\/uploads\/2022\/06\/8-300x225.jpg\" class=\"attachment-woocommerce_thumbnail size-woocommerce_thumbnail\" alt=\"\" \/>\t\t\t\t\t\t\t\t\t<\/a>\n\t\t\t\t\t\t\t\t\t\t\t\t\t\t\t\t\t\t \t\t\t\t\t\t\t\t<\/div>\n\t\t\t\t\t\t\t\t<div class=\"image-tools top right show-on-hover\">\n\t\t\t\t\t\t\t\t\t\t\t\t\t\t\t\t\t<\/div>\n\t\t\t\t\t\t\t\t\t\t\t\t\t\t\t\t\t<div class=\"image-tools grid-tools text-center hide-for-small bottom hover-slide-in show-on-hover\">\n\t\t\t\t\t\t\t\t\t\t  <a class=\"quick-view\" data-prod=\"594\" href=\"#quick-view\">Quick View<\/a>\t\t\t\t\t\t\t\t\t<\/div>\n\t\t\t\t\t\t\t\t\t\t\t\t\t\t\t\t\t\t\t\t\t\t\t<\/div>\n\n\t\t\t\t\t\t\t<div class=\"box-text text-center\" >\n\t\t\t\t\t\t\t\t<div class=\"title-wrapper\">\t\t<p class=\"category uppercase is-smaller no-text-overflow product-cat op-7\">\n\t\t\tMOLECULAR BIOLOGY\t\t<\/p>\n\t<p class=\"name product-title woocommerce-loop-product__title\"><a href=\"https:\/\/biomedical.vn\/en\/product\/bo-xet-nghiem-dai-dot-bien-%ce%b1\/\" class=\"woocommerce-LoopProduct-link woocommerce-loop-product__link\">B\u1ed9 x\u00e9t nghi\u1ec7m d\u1ea3i \u0111\u1ed9t bi\u1ebfn \u03b1 Thalassemia<\/a><\/p><\/div><div class=\"price-wrapper\">\n<\/div>\t\t\t\t\t\t\t<\/div>\n\t\t\t\t\t\t<\/div>\n\t\t\t\t\t\t<\/div>\n\t\t\t\t\t<\/div><div class=\"col\" >\n\t\t\t\t\t\t<div class=\"col-inner\">\n\t\t\t\t\t\t\n<div class=\"badge-container absolute left top z-1\">\n\n<\/div>\n\t\t\t\t\t\t<div class=\"product-small box has-hover box-normal box-text-bottom\">\n\t\t\t\t\t\t\t<div class=\"box-image\" >\n\t\t\t\t\t\t\t\t<div class=\"\" >\n\t\t\t\t\t\t\t\t\t<a href=\"https:\/\/biomedical.vn\/en\/product\/kit-dinh-luong-virus-hiv\/\" aria-label=\"Kit \u0111\u1ecbnh l\u01b0\u1ee3ng virus HIV\">\n\t\t\t\t\t\t\t\t\t\t<img loading=\"lazy\" decoding=\"async\" width=\"300\" height=\"225\" src=\"https:\/\/biomedical.vn\/wp-content\/uploads\/2022\/05\/hiv-300x225.jpg\" class=\"attachment-woocommerce_thumbnail size-woocommerce_thumbnail\" alt=\"\" \/>\t\t\t\t\t\t\t\t\t<\/a>\n\t\t\t\t\t\t\t\t\t\t\t\t\t\t\t\t\t\t \t\t\t\t\t\t\t\t<\/div>\n\t\t\t\t\t\t\t\t<div class=\"image-tools top right show-on-hover\">\n\t\t\t\t\t\t\t\t\t\t\t\t\t\t\t\t\t<\/div>\n\t\t\t\t\t\t\t\t\t\t\t\t\t\t\t\t\t<div class=\"image-tools grid-tools text-center hide-for-small bottom hover-slide-in show-on-hover\">\n\t\t\t\t\t\t\t\t\t\t  <a class=\"quick-view\" data-prod=\"405\" href=\"#quick-view\">Quick View<\/a>\t\t\t\t\t\t\t\t\t<\/div>\n\t\t\t\t\t\t\t\t\t\t\t\t\t\t\t\t\t\t\t\t\t\t\t<\/div>\n\n\t\t\t\t\t\t\t<div class=\"box-text text-center\" >\n\t\t\t\t\t\t\t\t<div class=\"title-wrapper\">\t\t<p class=\"category uppercase is-smaller no-text-overflow product-cat op-7\">\n\t\t\tMOLECULAR BIOLOGY\t\t<\/p>\n\t<p class=\"name product-title woocommerce-loop-product__title\"><a href=\"https:\/\/biomedical.vn\/en\/product\/kit-dinh-luong-virus-hiv\/\" class=\"woocommerce-LoopProduct-link woocommerce-loop-product__link\">Kit \u0111\u1ecbnh l\u01b0\u1ee3ng virus HIV<\/a><\/p><\/div><div class=\"price-wrapper\">\n<\/div>\t\t\t\t\t\t\t<\/div>\n\t\t\t\t\t\t<\/div>\n\t\t\t\t\t\t<\/div>\n\t\t\t\t\t<\/div><div class=\"col\" >\n\t\t\t\t\t\t<div class=\"col-inner\">\n\t\t\t\t\t\t\n<div class=\"badge-container absolute left top z-1\">\n\n<\/div>\n\t\t\t\t\t\t<div class=\"product-small box has-hover box-normal box-text-bottom\">\n\t\t\t\t\t\t\t<div class=\"box-image\" >\n\t\t\t\t\t\t\t\t<div class=\"\" >\n\t\t\t\t\t\t\t\t\t<a href=\"https:\/\/biomedical.vn\/en\/product\/kit-dinh-luong-virus-hcv\/\" aria-label=\"Kit \u0111\u1ecbnh l\u01b0\u1ee3ng virus HCV\">\n\t\t\t\t\t\t\t\t\t\t<img loading=\"lazy\" decoding=\"async\" width=\"300\" height=\"225\" src=\"https:\/\/biomedical.vn\/wp-content\/uploads\/2022\/05\/HCV1-300x225.jpg\" class=\"attachment-woocommerce_thumbnail size-woocommerce_thumbnail\" alt=\"\" \/>\t\t\t\t\t\t\t\t\t<\/a>\n\t\t\t\t\t\t\t\t\t\t\t\t\t\t\t\t\t\t \t\t\t\t\t\t\t\t<\/div>\n\t\t\t\t\t\t\t\t<div class=\"image-tools top right show-on-hover\">\n\t\t\t\t\t\t\t\t\t\t\t\t\t\t\t\t\t<\/div>\n\t\t\t\t\t\t\t\t\t\t\t\t\t\t\t\t\t<div class=\"image-tools grid-tools text-center hide-for-small bottom hover-slide-in show-on-hover\">\n\t\t\t\t\t\t\t\t\t\t  <a class=\"quick-view\" data-prod=\"404\" href=\"#quick-view\">Quick View<\/a>\t\t\t\t\t\t\t\t\t<\/div>\n\t\t\t\t\t\t\t\t\t\t\t\t\t\t\t\t\t\t\t\t\t\t\t<\/div>\n\n\t\t\t\t\t\t\t<div class=\"box-text text-center\" >\n\t\t\t\t\t\t\t\t<div class=\"title-wrapper\">\t\t<p class=\"category uppercase is-smaller no-text-overflow product-cat op-7\">\n\t\t\tMOLECULAR BIOLOGY\t\t<\/p>\n\t<p class=\"name product-title woocommerce-loop-product__title\"><a href=\"https:\/\/biomedical.vn\/en\/product\/kit-dinh-luong-virus-hcv\/\" class=\"woocommerce-LoopProduct-link woocommerce-loop-product__link\">Kit \u0111\u1ecbnh l\u01b0\u1ee3ng virus HCV<\/a><\/p><\/div><div class=\"price-wrapper\">\n<\/div>\t\t\t\t\t\t\t<\/div>\n\t\t\t\t\t\t<\/div>\n\t\t\t\t\t\t<\/div>\n\t\t\t\t\t<\/div><div class=\"col\" >\n\t\t\t\t\t\t<div class=\"col-inner\">\n\t\t\t\t\t\t\n<div class=\"badge-container absolute left top z-1\">\n\n<\/div>\n\t\t\t\t\t\t<div class=\"product-small box has-hover box-normal box-text-bottom\">\n\t\t\t\t\t\t\t<div class=\"box-image\" >\n\t\t\t\t\t\t\t\t<div class=\"\" >\n\t\t\t\t\t\t\t\t\t<a href=\"https:\/\/biomedical.vn\/en\/product\/kit-dinh-luong-virus-hbv\/\" aria-label=\"Kit \u0111\u1ecbnh l\u01b0\u1ee3ng virus HBV\">\n\t\t\t\t\t\t\t\t\t\t<img loading=\"lazy\" decoding=\"async\" width=\"300\" height=\"225\" src=\"https:\/\/biomedical.vn\/wp-content\/uploads\/2022\/05\/HBV5-300x225.jpg\" class=\"attachment-woocommerce_thumbnail size-woocommerce_thumbnail\" alt=\"\" \/>\t\t\t\t\t\t\t\t\t<\/a>\n\t\t\t\t\t\t\t\t\t\t\t\t\t\t\t\t\t\t \t\t\t\t\t\t\t\t<\/div>\n\t\t\t\t\t\t\t\t<div class=\"image-tools top right show-on-hover\">\n\t\t\t\t\t\t\t\t\t\t\t\t\t\t\t\t\t<\/div>\n\t\t\t\t\t\t\t\t\t\t\t\t\t\t\t\t\t<div class=\"image-tools grid-tools text-center hide-for-small bottom hover-slide-in show-on-hover\">\n\t\t\t\t\t\t\t\t\t\t  <a class=\"quick-view\" data-prod=\"403\" href=\"#quick-view\">Quick View<\/a>\t\t\t\t\t\t\t\t\t<\/div>\n\t\t\t\t\t\t\t\t\t\t\t\t\t\t\t\t\t\t\t\t\t\t\t<\/div>\n\n\t\t\t\t\t\t\t<div class=\"box-text text-center\" >\n\t\t\t\t\t\t\t\t<div class=\"title-wrapper\">\t\t<p class=\"category uppercase is-smaller no-text-overflow product-cat op-7\">\n\t\t\tMOLECULAR BIOLOGY\t\t<\/p>\n\t<p class=\"name product-title woocommerce-loop-product__title\"><a href=\"https:\/\/biomedical.vn\/en\/product\/kit-dinh-luong-virus-hbv\/\" class=\"woocommerce-LoopProduct-link woocommerce-loop-product__link\">Kit \u0111\u1ecbnh l\u01b0\u1ee3ng virus HBV<\/a><\/p><\/div><div class=\"price-wrapper\">\n<\/div>\t\t\t\t\t\t\t<\/div>\n\t\t\t\t\t\t<\/div>\n\t\t\t\t\t\t<\/div>\n\t\t\t\t\t<\/div><\/div>\n\n\n\t\t<\/div>\n\t\t\t\t\t<\/div>\n\n\t\n\n<\/div>","protected":false},"excerpt":{"rendered":"","protected":false},"author":15,"featured_media":0,"parent":0,"menu_order":0,"comment_status":"closed","ping_status":"closed","template":"page-blank.php","meta":{"footnotes":""},"class_list":["post-348","page","type-page","status-publish","hentry"],"_links":{"self":[{"href":"https:\/\/biomedical.vn\/en\/wp-json\/wp\/v2\/pages\/348","targetHints":{"allow":["GET"]}}],"collection":[{"href":"https:\/\/biomedical.vn\/en\/wp-json\/wp\/v2\/pages"}],"about":[{"href":"https:\/\/biomedical.vn\/en\/wp-json\/wp\/v2\/types\/page"}],"author":[{"embeddable":true,"href":"https:\/\/biomedical.vn\/en\/wp-json\/wp\/v2\/users\/15"}],"replies":[{"embeddable":true,"href":"https:\/\/biomedical.vn\/en\/wp-json\/wp\/v2\/comments?post=348"}],"version-history":[{"count":0,"href":"https:\/\/biomedical.vn\/en\/wp-json\/wp\/v2\/pages\/348\/revisions"}],"wp:attachment":[{"href":"https:\/\/biomedical.vn\/en\/wp-json\/wp\/v2\/media?parent=348"}],"curies":[{"name":"wp","href":"https:\/\/api.w.org\/{rel}","templated":true}]}}