{"id":1496,"date":"2023-11-24T16:34:05","date_gmt":"2023-11-24T09:34:05","guid":{"rendered":"https:\/\/biomedical.vn\/?post_type=product&#038;p=1496"},"modified":"2024-01-15T14:27:50","modified_gmt":"2024-01-15T07:27:50","slug":"may-dien-di-huyet-sac-to-gazelle-reader","status":"publish","type":"product","link":"https:\/\/biomedical.vn\/en\/product\/may-dien-di-huyet-sac-to-gazelle-reader\/","title":{"rendered":"M\u00e1y \u0111i\u1ec7n di huy\u1ebft s\u1eafc t\u1ed1 POC &#8211; Gazelle Reader"},"content":{"rendered":"<p>M\u00e1y \u0111i\u1ec7n di huy\u1ebft s\u1eafc t\u1ed1 POC &#8211; Gazelle Reader l\u00e0 m\u1ed9t thi\u1ebft b\u1ecb ch\u1ea9n \u0111o\u00e1n in vitro nh\u1eb1m ph\u00e1t hi\u1ec7n \u0111\u1ecbnh t\u00ednh ho\u1eb7c \u0111\u1ecbnh l\u01b0\u1ee3ng c\u00e1c th\u00e0nh ph\u1ea7n bi\u1ec3u th\u1ecb b\u1ec7nh truy\u1ec1n nhi\u1ec5m, t\u00ecnh tr\u1ea1ng trao \u0111\u1ed5i ch\u1ea5t ho\u1eb7c sinh l\u00fd.<\/p>\n<p>M\u00e1y s\u1eed d\u1ee5ng phi\u00ean b\u1ea3n thu nh\u1ecf c\u1ee7a x\u00e9t nghi\u1ec7m ti\u00eau chu\u1ea9n v\u00e0ng \u0111\u1ec3 ph\u00e1t hi\u1ec7n b\u1ec7nh huy\u1ebft s\u1eafc t\u1ed1 \u0111\u01b0\u1ee3c g\u1ecdi l\u00e0 \u0111i\u1ec7n di. Khi m\u1ed9t khay test d\u00f9ng m\u1ed9t l\u1ea7n (Hb Variant Test Multipack) c\u00f3 ch\u1ee9a m\u1eabu m\u00e1u \u0111\u00e3 ly gi\u1ea3i (20 \u00b5L) \u0111\u01b0\u1ee3c \u0111\u01b0a v\u00e0o Reader, c\u00e1c lo\u1ea1i huy\u1ebft s\u1eafc t\u1ed1 \u0111\u01b0\u1ee3c ph\u00e2n t\u00e1ch theo \u0111i\u1ec7n t\u00edch c\u1ee7a ch\u00fang. Trong kho\u1ea3ng 8 ph\u00fat, di\u1ec5n gi\u1ea3i (b\u00ecnh th\u01b0\u1eddng, \u0111\u1eb7c \u0111i\u1ec3m, b\u1ec7nh t\u1eadt) c\u0169ng nh\u01b0 c\u00e1c lo\u1ea1i v\u00e0 t\u1ef7 l\u1ec7 ph\u1ea7n tr\u0103m huy\u1ebft s\u1eafc t\u1ed1 \u0111\u01b0\u1ee3c hi\u1ec3n th\u1ecb tr\u00ean m\u00e0n h\u00ecnh v\u00e0 \u0111\u01b0\u1ee3c l\u01b0u tr\u1eef k\u1ef9 thu\u1eadt s\u1ed1.<\/p>\n<p>&nbsp;<\/p>","protected":false},"excerpt":{"rendered":"<p>M\u00e1y \u0111i\u1ec7n di huy\u1ebft s\u1eafc t\u1ed1 POC &#8211; Gazelle Reader l\u00e0 m\u1ed9t thi\u1ebft b\u1ecb ch\u1ea9n \u0111o\u00e1n in vitro nh\u1eb1m ph\u00e1t hi\u1ec7n \u0111\u1ecbnh t\u00ednh ho\u1eb7c \u0111\u1ecbnh l\u01b0\u1ee3ng c\u00e1c th\u00e0nh ph\u1ea7n bi\u1ec3u th\u1ecb b\u1ec7nh truy\u1ec1n nhi\u1ec5m, t\u00ecnh tr\u1ea1ng trao \u0111\u1ed5i ch\u1ea5t ho\u1eb7c sinh l\u00fd. M\u00e1y s\u1eed d\u1ee5ng phi\u00ean b\u1ea3n thu nh\u1ecf c\u1ee7a x\u00e9t nghi\u1ec7m ti\u00eau chu\u1ea9n v\u00e0ng [&#8230;]","protected":false},"featured_media":1497,"template":"","meta":[],"product_cat":[26,19],"product_tag":[],"class_list":{"0":"post-1496","1":"product","2":"type-product","3":"status-publish","4":"has-post-thumbnail","6":"product_cat-huyet-hoc","7":"product_cat-truyen-mau","9":"first","10":"instock","11":"shipping-taxable","12":"product-type-simple"},"_links":{"self":[{"href":"https:\/\/biomedical.vn\/en\/wp-json\/wp\/v2\/product\/1496","targetHints":{"allow":["GET"]}}],"collection":[{"href":"https:\/\/biomedical.vn\/en\/wp-json\/wp\/v2\/product"}],"about":[{"href":"https:\/\/biomedical.vn\/en\/wp-json\/wp\/v2\/types\/product"}],"wp:featuredmedia":[{"embeddable":true,"href":"https:\/\/biomedical.vn\/en\/wp-json\/wp\/v2\/media\/1497"}],"wp:attachment":[{"href":"https:\/\/biomedical.vn\/en\/wp-json\/wp\/v2\/media?parent=1496"}],"wp:term":[{"taxonomy":"product_cat","embeddable":true,"href":"https:\/\/biomedical.vn\/en\/wp-json\/wp\/v2\/product_cat?post=1496"},{"taxonomy":"product_tag","embeddable":true,"href":"https:\/\/biomedical.vn\/en\/wp-json\/wp\/v2\/product_tag?post=1496"}],"curies":[{"name":"wp","href":"https:\/\/api.w.org\/{rel}","templated":true}]}}