{"id":367,"date":"2022-05-06T10:17:24","date_gmt":"2022-05-06T03:17:24","guid":{"rendered":"https:\/\/biomedical.vn\/?post_type=product&#038;p=367"},"modified":"2022-09-16T08:38:16","modified_gmt":"2022-09-16T01:38:16","slug":"bo-loc-bach-cau-cho-tieu-cau-pool","status":"publish","type":"product","link":"https:\/\/biomedical.vn\/en\/product\/bo-loc-bach-cau-cho-tieu-cau-pool\/","title":{"rendered":"B\u1ed9 l\u1ecdc b\u1ea1ch c\u1ea7u cho ti\u1ec3u c\u1ea7u pool"},"content":{"rendered":"<p><strong>Ch\u1ec9 \u0111\u1ecbnh s\u1eed d\u1ee5ng:<\/strong><br \/>\nS\u1eed d\u1ee5ng \u0111\u1ec3 l\u1ecdc b\u1ecf b\u1ea1ch c\u1ea7u thu ti\u1ec3u c\u1ea7u tr\u01b0\u1edbc khi truy\u1ec1n m\u00e1u v\u00e0o c\u01a1 th\u1ec3<br \/>\nng\u01b0\u1eddi b\u1ec7nh (c\u00f3 th\u1ec3 l\u1ecdc \u0111\u01b0\u1ee3c 4-6 \u0111\u01a1n v\u1ecb m\u00e1u \u0111\u01a1n l\u1ebb ho\u1eb7c c\u00e1c \u0111\u01a1n v\u1ecb t\u01b0\u01a1ng<br \/>\n\u0111\u01b0\u01a1ng t\u1eeb qu\u00e1 tr\u00ecnh ph\u00e2n t\u00e1ch m\u00e1u).<br \/>\nS\u1ea3n ph\u1ea9m c\u00f3 th\u1ec3 d\u00f9ng \u1edf \u0111\u1ea7u gi\u01b0\u1eddng b\u1ec7nh, v\u1edbi m\u00e0ng ti\u1ec1n l\u1ecdc, l\u1ecdc b\u1eb1ng tr\u1ecdng<br \/>\nl\u1ef1c.<br \/>\n<strong>Ch\u1ed1ng ch\u1ec9 \u0111\u1ecbnh:<\/strong><br \/>\nKh\u00f4ng d\u00f9ng \u0111\u1ec3 \u1edf \u0111\u1ea7u gi\u01b0\u1eddng khi b\u1ec7nh nh\u00e2n \u0111ang \u0111\u01b0\u1ee3c \u0111i\u1ec1u tr\u1ecb v\u1edbi c\u00e1c ch\u1ea5t<br \/>\n\u1ee9c ch\u1ebf ACE v\u00ec c\u00f3 kh\u1ea3 n\u0103ng g\u00e2y h\u1ea1 huy\u1ebft \u00e1p<\/p>","protected":false},"excerpt":{"rendered":"<p>Ch\u1ec9 \u0111\u1ecbnh s\u1eed d\u1ee5ng: S\u1eed d\u1ee5ng \u0111\u1ec3 l\u1ecdc b\u1ecf b\u1ea1ch c\u1ea7u thu ti\u1ec3u c\u1ea7u tr\u01b0\u1edbc khi truy\u1ec1n m\u00e1u v\u00e0o c\u01a1 th\u1ec3 ng\u01b0\u1eddi b\u1ec7nh (c\u00f3 th\u1ec3 l\u1ecdc \u0111\u01b0\u1ee3c 4-6 \u0111\u01a1n v\u1ecb m\u00e1u \u0111\u01a1n l\u1ebb ho\u1eb7c c\u00e1c \u0111\u01a1n v\u1ecb t\u01b0\u01a1ng \u0111\u01b0\u01a1ng t\u1eeb qu\u00e1 tr\u00ecnh ph\u00e2n t\u00e1ch m\u00e1u). S\u1ea3n ph\u1ea9m c\u00f3 th\u1ec3 d\u00f9ng \u1edf \u0111\u1ea7u gi\u01b0\u1eddng b\u1ec7nh, v\u1edbi [&#8230;]","protected":false},"featured_media":724,"template":"","meta":[],"product_cat":[50,19,27],"product_tag":[],"class_list":{"0":"post-367","1":"product","2":"type-product","3":"status-publish","4":"has-post-thumbnail","6":"product_cat-thiet-bi-may-moc","7":"product_cat-truyen-mau","8":"product_cat-truyen-mau-truyen-mau","10":"first","11":"instock","12":"shipping-taxable","13":"product-type-simple"},"_links":{"self":[{"href":"https:\/\/biomedical.vn\/en\/wp-json\/wp\/v2\/product\/367","targetHints":{"allow":["GET"]}}],"collection":[{"href":"https:\/\/biomedical.vn\/en\/wp-json\/wp\/v2\/product"}],"about":[{"href":"https:\/\/biomedical.vn\/en\/wp-json\/wp\/v2\/types\/product"}],"wp:featuredmedia":[{"embeddable":true,"href":"https:\/\/biomedical.vn\/en\/wp-json\/wp\/v2\/media\/724"}],"wp:attachment":[{"href":"https:\/\/biomedical.vn\/en\/wp-json\/wp\/v2\/media?parent=367"}],"wp:term":[{"taxonomy":"product_cat","embeddable":true,"href":"https:\/\/biomedical.vn\/en\/wp-json\/wp\/v2\/product_cat?post=367"},{"taxonomy":"product_tag","embeddable":true,"href":"https:\/\/biomedical.vn\/en\/wp-json\/wp\/v2\/product_tag?post=367"}],"curies":[{"name":"wp","href":"https:\/\/api.w.org\/{rel}","templated":true}]}}