{"id":379,"date":"2022-05-06T10:30:52","date_gmt":"2022-05-06T03:30:52","guid":{"rendered":"https:\/\/biomedical.vn\/?post_type=product&#038;p=379"},"modified":"2022-08-10T13:45:53","modified_gmt":"2022-08-10T06:45:53","slug":"day-truyen-mau","status":"publish","type":"product","link":"https:\/\/biomedical.vn\/en\/product\/day-truyen-mau\/","title":{"rendered":"D\u00e2y truy\u1ec1n m\u00e1u"},"content":{"rendered":"<p>CH\u1ea4T L\u01af\u1ee2NG: EN ISO 1135-4<\/p>\n<p>V\u1eacT LI\u1ec6U: PE, ABS, PVC, PP, Cao su (ho\u1eb7c cao su t\u1ed5ng h\u1ee3p)<br \/>\nTI\u1ec6T TR\u00d9NG: EO (Ethylenoxid)<br \/>\nH\u1ea0N D\u00d9NG: 5 n\u0103m<br \/>\n\u0110\u00d3NG G\u00d3I: \u0110\u01b0\u1ee3c \u0111\u00f3ng g\u00f3i ti\u1ec7t tr\u00f9ng ri\u00eang bi\u1ec7t trong 1 t\u00fai poly.<\/p>","protected":false},"excerpt":{"rendered":"<p>CH\u1ea4T L\u01af\u1ee2NG: EN ISO 1135-4 V\u1eacT LI\u1ec6U: PE, ABS, PVC, PP, Cao su (ho\u1eb7c cao su t\u1ed5ng h\u1ee3p) TI\u1ec6T TR\u00d9NG: EO (Ethylenoxid) H\u1ea0N D\u00d9NG: 5 n\u0103m \u0110\u00d3NG G\u00d3I: \u0110\u01b0\u1ee3c \u0111\u00f3ng g\u00f3i ti\u1ec7t tr\u00f9ng ri\u00eang bi\u1ec7t trong 1 t\u00fai poly.<\/p>","protected":false},"featured_media":657,"template":"","meta":[],"product_cat":[37,19,27,34],"product_tag":[],"class_list":{"0":"post-379","1":"product","2":"type-product","3":"status-publish","4":"has-post-thumbnail","6":"product_cat-troge-hamburg","7":"product_cat-truyen-mau","8":"product_cat-truyen-mau-truyen-mau","9":"product_cat-vat-tu-tieu-hao-truyen-mau-truyen-mau","11":"first","12":"instock","13":"shipping-taxable","14":"product-type-simple"},"_links":{"self":[{"href":"https:\/\/biomedical.vn\/en\/wp-json\/wp\/v2\/product\/379","targetHints":{"allow":["GET"]}}],"collection":[{"href":"https:\/\/biomedical.vn\/en\/wp-json\/wp\/v2\/product"}],"about":[{"href":"https:\/\/biomedical.vn\/en\/wp-json\/wp\/v2\/types\/product"}],"wp:featuredmedia":[{"embeddable":true,"href":"https:\/\/biomedical.vn\/en\/wp-json\/wp\/v2\/media\/657"}],"wp:attachment":[{"href":"https:\/\/biomedical.vn\/en\/wp-json\/wp\/v2\/media?parent=379"}],"wp:term":[{"taxonomy":"product_cat","embeddable":true,"href":"https:\/\/biomedical.vn\/en\/wp-json\/wp\/v2\/product_cat?post=379"},{"taxonomy":"product_tag","embeddable":true,"href":"https:\/\/biomedical.vn\/en\/wp-json\/wp\/v2\/product_tag?post=379"}],"curies":[{"name":"wp","href":"https:\/\/api.w.org\/{rel}","templated":true}]}}