{"id":380,"date":"2022-05-06T10:26:05","date_gmt":"2022-05-06T03:26:05","guid":{"rendered":"https:\/\/biomedical.vn\/?post_type=product&#038;p=380"},"modified":"2022-09-16T08:37:39","modified_gmt":"2022-09-16T01:37:39","slug":"bo-loc-bach-cau-cho-hong-cau","status":"publish","type":"product","link":"https:\/\/biomedical.vn\/en\/product\/bo-loc-bach-cau-cho-hong-cau\/","title":{"rendered":"B\u1ed9 l\u1ecdc b\u1ea1ch c\u1ea7u cho h\u1ed3ng c\u1ea7u"},"content":{"rendered":"<p><strong>Ch\u1ec9 \u0111\u1ecbnh s\u1eed d\u1ee5ng:<\/strong><br \/>\nThi\u1ebft b\u1ecb v\u00f4 tr\u00f9ng s\u1eed d\u1ee5ng \u0111\u1ec3 l\u1ecdc b\u1ecf b\u1ea1ch c\u1ea7u thu kh\u1ed1i h\u1ed3ng c\u1ea7u (RCC, 1 \u0111\u01a1n v\u1ecb).<br \/>\n<strong>Ch\u1ed1ng ch\u1ec9 \u0111\u1ecbnh:<\/strong><br \/>\nKhuy\u1ebfn c\u00e1o \u0111\u1ec3 tr\u00e1nh l\u1ecdc \u1edf \u0111\u1ea7u gi\u01b0\u1eddng b\u1ec7nh khi b\u1ec7nh nh\u00e2n \u0111ang \u0111\u01b0\u1ee3c \u0111i\u1ec1u tr\u1ecb v\u1edbi c\u00e1c ch\u1ea5t<br \/>\n\u1ee9c ch\u1ebf ACE, v\u00ec c\u00f3 kh\u1ea3 n\u0103ng ph\u01a1i nhi\u1ec5m v\u1edbi nguy c\u01a1 g\u00e2y h\u1ea1 huy\u1ebft \u00e1p.<\/p>\n<p>&nbsp;<\/p>","protected":false},"excerpt":{"rendered":"<p>Ch\u1ec9 \u0111\u1ecbnh s\u1eed d\u1ee5ng: Thi\u1ebft b\u1ecb v\u00f4 tr\u00f9ng s\u1eed d\u1ee5ng \u0111\u1ec3 l\u1ecdc b\u1ecf b\u1ea1ch c\u1ea7u thu kh\u1ed1i h\u1ed3ng c\u1ea7u (RCC, 1 \u0111\u01a1n v\u1ecb). Ch\u1ed1ng ch\u1ec9 \u0111\u1ecbnh: Khuy\u1ebfn c\u00e1o \u0111\u1ec3 tr\u00e1nh l\u1ecdc \u1edf \u0111\u1ea7u gi\u01b0\u1eddng b\u1ec7nh khi b\u1ec7nh nh\u00e2n \u0111ang \u0111\u01b0\u1ee3c \u0111i\u1ec1u tr\u1ecb v\u1edbi c\u00e1c ch\u1ea5t \u1ee9c ch\u1ebf ACE, v\u00ec c\u00f3 kh\u1ea3 n\u0103ng ph\u01a1i nhi\u1ec5m v\u1edbi [&#8230;]","protected":false},"featured_media":725,"template":"","meta":[],"product_cat":[50,19,27],"product_tag":[],"class_list":{"0":"post-380","1":"product","2":"type-product","3":"status-publish","4":"has-post-thumbnail","6":"product_cat-thiet-bi-may-moc","7":"product_cat-truyen-mau","8":"product_cat-truyen-mau-truyen-mau","10":"first","11":"instock","12":"shipping-taxable","13":"product-type-simple"},"_links":{"self":[{"href":"https:\/\/biomedical.vn\/en\/wp-json\/wp\/v2\/product\/380","targetHints":{"allow":["GET"]}}],"collection":[{"href":"https:\/\/biomedical.vn\/en\/wp-json\/wp\/v2\/product"}],"about":[{"href":"https:\/\/biomedical.vn\/en\/wp-json\/wp\/v2\/types\/product"}],"wp:featuredmedia":[{"embeddable":true,"href":"https:\/\/biomedical.vn\/en\/wp-json\/wp\/v2\/media\/725"}],"wp:attachment":[{"href":"https:\/\/biomedical.vn\/en\/wp-json\/wp\/v2\/media?parent=380"}],"wp:term":[{"taxonomy":"product_cat","embeddable":true,"href":"https:\/\/biomedical.vn\/en\/wp-json\/wp\/v2\/product_cat?post=380"},{"taxonomy":"product_tag","embeddable":true,"href":"https:\/\/biomedical.vn\/en\/wp-json\/wp\/v2\/product_tag?post=380"}],"curies":[{"name":"wp","href":"https:\/\/api.w.org\/{rel}","templated":true}]}}