{"id":381,"date":"2022-05-06T10:32:53","date_gmt":"2022-05-06T03:32:53","guid":{"rendered":"https:\/\/biomedical.vn\/?post_type=product&#038;p=381"},"modified":"2022-08-10T13:45:46","modified_gmt":"2022-08-10T06:45:46","slug":"day-truyen-dich","status":"publish","type":"product","link":"https:\/\/biomedical.vn\/en\/product\/day-truyen-dich\/","title":{"rendered":"D\u00e2y truy\u1ec1n d\u1ecbch"},"content":{"rendered":"<p>Ch\u1ea5t l\u01b0\u1ee3ng:EN ISO 8536-4<\/p>\n<p>Ch\u1ec9 \u0111\u1ecbnh: D\u00f9ng \u0111\u1ec3 truy\u1ec1n thu\u1ed1c v\u00e0 d\u1ecbch b\u1eb1ng tr\u1ecdng l\u1ef1c. S\u1eed d\u1ee5ng m\u1ed9t l\u1ea7n.<br \/>\nV\u1eadt li\u1ec7u: PE, ABS, PVC, PP, Latex (ho\u1eb7ccao su t\u1ed5ng h\u1ee3p), th\u00e9p kh\u00f4ng g\u1ec9<br \/>\nTi\u1ec7t tr\u00f9ng: EO (Ethylenoxid)<br \/>\nH\u1ea1n d\u00f9ng: 5 n\u0103m<br \/>\n\u0110\u00f3ng g\u00f3i: \u0110\u00f3ng g\u00f3i ti\u1ec7t tr\u00f9ng trong t\u00fai poly.<\/p>","protected":false},"excerpt":{"rendered":"<p>Ch\u1ea5t l\u01b0\u1ee3ng:EN ISO 8536-4 Ch\u1ec9 \u0111\u1ecbnh: D\u00f9ng \u0111\u1ec3 truy\u1ec1n thu\u1ed1c v\u00e0 d\u1ecbch b\u1eb1ng tr\u1ecdng l\u1ef1c. S\u1eed d\u1ee5ng m\u1ed9t l\u1ea7n. V\u1eadt li\u1ec7u: PE, ABS, PVC, PP, Latex (ho\u1eb7ccao su t\u1ed5ng h\u1ee3p), th\u00e9p kh\u00f4ng g\u1ec9 Ti\u1ec7t tr\u00f9ng: EO (Ethylenoxid) H\u1ea1n d\u00f9ng: 5 n\u0103m \u0110\u00f3ng g\u00f3i: \u0110\u00f3ng g\u00f3i ti\u1ec7t tr\u00f9ng trong t\u00fai poly.<\/p>","protected":false},"featured_media":656,"template":"","meta":[],"product_cat":[37,19,27,34],"product_tag":[],"class_list":{"0":"post-381","1":"product","2":"type-product","3":"status-publish","4":"has-post-thumbnail","6":"product_cat-troge-hamburg","7":"product_cat-truyen-mau","8":"product_cat-truyen-mau-truyen-mau","9":"product_cat-vat-tu-tieu-hao-truyen-mau-truyen-mau","11":"first","12":"instock","13":"shipping-taxable","14":"product-type-simple"},"_links":{"self":[{"href":"https:\/\/biomedical.vn\/en\/wp-json\/wp\/v2\/product\/381","targetHints":{"allow":["GET"]}}],"collection":[{"href":"https:\/\/biomedical.vn\/en\/wp-json\/wp\/v2\/product"}],"about":[{"href":"https:\/\/biomedical.vn\/en\/wp-json\/wp\/v2\/types\/product"}],"wp:featuredmedia":[{"embeddable":true,"href":"https:\/\/biomedical.vn\/en\/wp-json\/wp\/v2\/media\/656"}],"wp:attachment":[{"href":"https:\/\/biomedical.vn\/en\/wp-json\/wp\/v2\/media?parent=381"}],"wp:term":[{"taxonomy":"product_cat","embeddable":true,"href":"https:\/\/biomedical.vn\/en\/wp-json\/wp\/v2\/product_cat?post=381"},{"taxonomy":"product_tag","embeddable":true,"href":"https:\/\/biomedical.vn\/en\/wp-json\/wp\/v2\/product_tag?post=381"}],"curies":[{"name":"wp","href":"https:\/\/api.w.org\/{rel}","templated":true}]}}