{"id":384,"date":"2022-05-06T10:34:24","date_gmt":"2022-05-06T03:34:24","guid":{"rendered":"https:\/\/biomedical.vn\/?post_type=product&#038;p=384"},"modified":"2022-08-10T13:45:39","modified_gmt":"2022-08-10T06:45:39","slug":"kim-canh-buom","status":"publish","type":"product","link":"https:\/\/biomedical.vn\/en\/product\/kim-canh-buom\/","title":{"rendered":"Kim c\u00e1nh b\u01b0\u1edbm"},"content":{"rendered":"<p>Ki\u1ec3u : Luer Lock<br \/>\nTi\u1ec7t tr\u00f9ng: EO (Ethylenoxid)<\/p>\n<p>K\u00edch c\u1ee1: 18 \u2013 27 G<br \/>\nH\u1ea1n d\u00f9ng: 5 n\u0103m<br \/>\nV\u1eadt li\u1ec7u: PP, ABS, PVC v\u00e0 th\u00e9p kh\u00f4ng g\u1ec9<br \/>\n\u0110\u00f3ng g\u00f3i: \u0110\u00f3ng g\u00f3i ti\u1ec7t tr\u00f9ng trong t\u00fai b\u00f3c. 100 c\u00e1i trong 1 h\u1ed9p<\/p>","protected":false},"excerpt":{"rendered":"<p>Ki\u1ec3u : Luer Lock Ti\u1ec7t tr\u00f9ng: EO (Ethylenoxid) K\u00edch c\u1ee1: 18 \u2013 27 G H\u1ea1n d\u00f9ng: 5 n\u0103m V\u1eadt li\u1ec7u: PP, ABS, PVC v\u00e0 th\u00e9p kh\u00f4ng g\u1ec9 \u0110\u00f3ng g\u00f3i: \u0110\u00f3ng g\u00f3i ti\u1ec7t tr\u00f9ng trong t\u00fai b\u00f3c. 100 c\u00e1i trong 1 h\u1ed9p<\/p>","protected":false},"featured_media":658,"template":"","meta":[],"product_cat":[37,19,27,34],"product_tag":[],"class_list":{"0":"post-384","1":"product","2":"type-product","3":"status-publish","4":"has-post-thumbnail","6":"product_cat-troge-hamburg","7":"product_cat-truyen-mau","8":"product_cat-truyen-mau-truyen-mau","9":"product_cat-vat-tu-tieu-hao-truyen-mau-truyen-mau","11":"first","12":"instock","13":"shipping-taxable","14":"product-type-simple"},"_links":{"self":[{"href":"https:\/\/biomedical.vn\/en\/wp-json\/wp\/v2\/product\/384","targetHints":{"allow":["GET"]}}],"collection":[{"href":"https:\/\/biomedical.vn\/en\/wp-json\/wp\/v2\/product"}],"about":[{"href":"https:\/\/biomedical.vn\/en\/wp-json\/wp\/v2\/types\/product"}],"wp:featuredmedia":[{"embeddable":true,"href":"https:\/\/biomedical.vn\/en\/wp-json\/wp\/v2\/media\/658"}],"wp:attachment":[{"href":"https:\/\/biomedical.vn\/en\/wp-json\/wp\/v2\/media?parent=384"}],"wp:term":[{"taxonomy":"product_cat","embeddable":true,"href":"https:\/\/biomedical.vn\/en\/wp-json\/wp\/v2\/product_cat?post=384"},{"taxonomy":"product_tag","embeddable":true,"href":"https:\/\/biomedical.vn\/en\/wp-json\/wp\/v2\/product_tag?post=384"}],"curies":[{"name":"wp","href":"https:\/\/api.w.org\/{rel}","templated":true}]}}