{"id":386,"date":"2022-05-06T10:35:37","date_gmt":"2022-05-06T03:35:37","guid":{"rendered":"https:\/\/biomedical.vn\/?post_type=product&#038;p=386"},"modified":"2022-08-10T13:51:07","modified_gmt":"2022-08-10T06:51:07","slug":"hoa-chat-dinh-nhom-mau","status":"publish","type":"product","link":"https:\/\/biomedical.vn\/en\/product\/hoa-chat-dinh-nhom-mau\/","title":{"rendered":"H\u00f3a ch\u1ea5t \u0111\u1ecbnh nh\u00f3m m\u00e1u"},"content":{"rendered":"<p><strong>Ch\u1ec9 \u0111\u1ecbnh:<\/strong><\/p>\n<p>X\u00e9t nghi\u1ec7m nh\u00f3m m\u00e1u ABO v\u00e0 Rh c\u1ee7a b\u1ec7nh nh\u00e2n v\u00e0 ng\u01b0\u1eddi hi\u1ebfn m\u00e1u t\u00ecnh nguy\u1ec7n<\/p>\n<p><strong>H\u00f3a ch\u1ea5t:<\/strong><\/p>\n<p>&#8211; Huy\u1ebft thanh m\u1eabu: Anti A, Anti B, Anti AB, Anti D.<\/p>\n<p>&#8211; H\u1ed3ng c\u1ea7u m\u1eabu A 5%.<\/p>\n<p>&#8211; H\u1ed3ng c\u1ea7u m\u1eabu B 5%<\/p>\n<p>&#8211; N\u01b0\u1edbc mu\u1ed1i 0,9%<\/p>\n<p>&#8211; AHG (Anti Human Globulin)<\/p>","protected":false},"excerpt":{"rendered":"<p>Ch\u1ec9 \u0111\u1ecbnh: X\u00e9t nghi\u1ec7m nh\u00f3m m\u00e1u ABO v\u00e0 Rh c\u1ee7a b\u1ec7nh nh\u00e2n v\u00e0 ng\u01b0\u1eddi hi\u1ebfn m\u00e1u t\u00ecnh nguy\u1ec7n H\u00f3a ch\u1ea5t: &#8211; Huy\u1ebft thanh m\u1eabu: Anti A, Anti B, Anti AB, Anti D. &#8211; H\u1ed3ng c\u1ea7u m\u1eabu A 5%. &#8211; H\u1ed3ng c\u1ea7u m\u1eabu B 5% &#8211; N\u01b0\u1edbc mu\u1ed1i 0,9% &#8211; AHG (Anti Human Globulin)<\/p>","protected":false},"featured_media":732,"template":"","meta":[],"product_cat":[26,51,19],"product_tag":[],"class_list":{"0":"post-386","1":"product","2":"type-product","3":"status-publish","4":"has-post-thumbnail","6":"product_cat-huyet-hoc","7":"product_cat-thiet-bi-may-moc-huyet-hoc","8":"product_cat-truyen-mau","10":"first","11":"instock","12":"shipping-taxable","13":"product-type-simple"},"_links":{"self":[{"href":"https:\/\/biomedical.vn\/en\/wp-json\/wp\/v2\/product\/386","targetHints":{"allow":["GET"]}}],"collection":[{"href":"https:\/\/biomedical.vn\/en\/wp-json\/wp\/v2\/product"}],"about":[{"href":"https:\/\/biomedical.vn\/en\/wp-json\/wp\/v2\/types\/product"}],"wp:featuredmedia":[{"embeddable":true,"href":"https:\/\/biomedical.vn\/en\/wp-json\/wp\/v2\/media\/732"}],"wp:attachment":[{"href":"https:\/\/biomedical.vn\/en\/wp-json\/wp\/v2\/media?parent=386"}],"wp:term":[{"taxonomy":"product_cat","embeddable":true,"href":"https:\/\/biomedical.vn\/en\/wp-json\/wp\/v2\/product_cat?post=386"},{"taxonomy":"product_tag","embeddable":true,"href":"https:\/\/biomedical.vn\/en\/wp-json\/wp\/v2\/product_tag?post=386"}],"curies":[{"name":"wp","href":"https:\/\/api.w.org\/{rel}","templated":true}]}}