{"id":389,"date":"2022-05-06T10:38:54","date_gmt":"2022-05-06T03:38:54","guid":{"rendered":"https:\/\/biomedical.vn\/?post_type=product&#038;p=389"},"modified":"2022-08-10T13:48:46","modified_gmt":"2022-08-10T06:48:46","slug":"may-dinh-nhom-mau-tu-dong","status":"publish","type":"product","link":"https:\/\/biomedical.vn\/en\/product\/may-dinh-nhom-mau-tu-dong\/","title":{"rendered":"M\u00e1y \u0111\u1ecbnh nh\u00f3m m\u00e1u t\u1ef1 \u0111\u1ed9ng"},"content":{"rendered":"<p>H\u1ec7 th\u1ed1ng x\u1eed l\u00fd m\u1eabu m\u00e1u v\u1edbi lo\u1ea1i card nh\u1ea5t \u0111\u1ecbnh, l\u00e0 m\u1ed9t<br \/>\ngi\u1ea3i ph\u00e1p t\u1ef1 \u0111\u1ed9ng cho c\u00e1c x\u00e9t nghi\u1ec7m ph\u00e2n t\u00edch nh\u00f3m m\u00e1u<br \/>\nb\u1eb1ng ph\u01b0\u01a1ng ph\u00e1p gelcard.<br \/>\nTh\u00f4ng s\u1ed1 k\u1ef9 thu\u1eadt:<br \/>\n&#8211; K\u00edch th\u01b0\u1edbc: 1320mm x 870mm x 965mm<br \/>\n&#8211; Tr\u1ecdng l\u01b0\u1ee3ng: 260KG<br \/>\n&#8211; Ngu\u1ed3n \u0111i\u1ec7n: AC220,50\/60Hz<br \/>\n&#8211; C\u00f4ng su\u1ea5t: T\u1ed1i \u0111a 80 test\/gi\u1edd<br \/>\n&#8211; C\u00e1nh tay m\u00e1y: 1 \u0111\u1ec3 di chuy\u1ec3n card<br \/>\n&#8211; Khoang m\u1eabu: 120 m\u1eabu (\u0111\u01b0\u1eddng k\u00ednh tu\u00fdp ti\u00eau chu\u1ea9n l\u00e0<br \/>\n13mm)<br \/>\n&#8211; Khoang thu\u1ed1c th\u1eed: 12 v\u1ecb tr\u00ed \u0111\u1ec3 thu\u1ed1c th\u1eed<br \/>\n&#8211; Khoang gelcard: 96 gel-card<br \/>\n&#8211; V\u1ecb tr\u00ed pha lo\u00e3ng: 2 v\u1ecb tr\u00ed ch\u1ee9a dung d\u1ecbch pha lo\u00e3ng + 1<br \/>\nkhay 96 gi\u1ebfng s\u00e2u \u0111\u1ec3 pha lo\u00e3ng<br \/>\n&#8211; Lo\u1ea1i m\u1eabu b\u1ec7nh ph\u1ea9m: M\u00e1u to\u00e0n ph\u1ea7n \u0111\u01b0\u1ee3c li t\u00e2m\/ h\u1ed3ng<br \/>\nc\u1ea7u kh\u1ed1i\/ h\u1ed3ng c\u1ea7u pha lo\u00e3ng 3-5% v\u00e0 0.8%\/ huy\u1ebft thanh\/<br \/>\nhuy\u1ebft t\u01b0\u01a1ng<br \/>\n&#8211; Khoang \u1ee7: 12 v\u1ecb tr\u00ed cho nhi\u1ec7t \u0111\u1ed9 ph\u00f2ng v\u00e0 12 v\u1ecb tr\u00ed cho<br \/>\nnhi\u1ec7t \u0111\u1ed9 37oC<br \/>\n&#8211; Khoang li t\u00e2m: 2 m\u00e1y li t\u00e2m, m\u1ed7i m\u00e1y 12 card<br \/>\n&#8211; M\u00e1y qu\u00e9t barcode: 2 m\u00e1y (1 cho gelcard, 1 cho m\u1eabu)<br \/>\n&#8211; M\u00e1y \u0111\u1ecdc k\u1ebft qu\u1ea3: H\u1ec7 th\u1ed1ng \u0111\u1ecdc k\u1ebft qu\u1ea3 v\u1edbi kh\u1ea3 n\u0103ng ti\u1ebfp<br \/>\nnh\u1eadn h\u00ecnh \u1ea3nh \u0111\u1ed9 ph\u00e2n gi\u1ea3i cao, \u0111\u1ecdc k\u1ebft qu\u1ea3 t\u1ef1 \u0111\u1ed9ng.<br \/>\n&#8211; Ph\u1ea7n m\u1ec1m: K\u1ebft n\u1ed1i hai chi\u1ec1u LIS\/HIS; Hi\u1ec3n th\u1ecb to\u00e0n b\u1ed9<br \/>\ntr\u1ea1ng th\u00e1i ho\u1ea1t \u0111\u1ed9ng c\u1ee7a m\u00e1y; Ki\u1ec3m so\u00e1t v\u1eadn h\u00e0nh theo<br \/>\nth\u1eddi gian th\u1ef1c, ch\u1ee9c n\u0103ng c\u1ea3nh b\u00e1o s\u1edbm c\u00e1c t\u00ecnh hu\u1ed1ng b\u1ea5t<br \/>\nth\u01b0\u1eddng; Ch\u1ee9c n\u0103ng theo d\u00f5i qu\u00e1 tr\u00ecnh x\u00e9t nghi\u1ec7m, ph\u00e2n<br \/>\nt\u00edch to\u00e0n b\u1ed9 c\u00e1c b\u01b0\u1edbc v\u00e0 ki\u1ec3m so\u00e1t ch\u1ea5t l\u01b0\u1ee3ng;<\/p>","protected":false},"excerpt":{"rendered":"<p>H\u1ec7 th\u1ed1ng x\u1eed l\u00fd m\u1eabu m\u00e1u v\u1edbi lo\u1ea1i card nh\u1ea5t \u0111\u1ecbnh, l\u00e0 m\u1ed9t gi\u1ea3i ph\u00e1p t\u1ef1 \u0111\u1ed9ng cho c\u00e1c x\u00e9t nghi\u1ec7m ph\u00e2n t\u00edch nh\u00f3m m\u00e1u b\u1eb1ng ph\u01b0\u01a1ng ph\u00e1p gelcard. Th\u00f4ng s\u1ed1 k\u1ef9 thu\u1eadt: &#8211; K\u00edch th\u01b0\u1edbc: 1320mm x 870mm x 965mm &#8211; Tr\u1ecdng l\u01b0\u1ee3ng: 260KG &#8211; Ngu\u1ed3n \u0111i\u1ec7n: AC220,50\/60Hz &#8211; C\u00f4ng su\u1ea5t: T\u1ed1i \u0111a 80 [&#8230;]","protected":false},"featured_media":390,"template":"","meta":[],"product_cat":[39,50,19,27],"product_tag":[],"class_list":{"0":"post-389","1":"product","2":"type-product","3":"status-publish","4":"has-post-thumbnail","6":"product_cat-medcaptian","7":"product_cat-thiet-bi-may-moc","8":"product_cat-truyen-mau","9":"product_cat-truyen-mau-truyen-mau","11":"first","12":"instock","13":"shipping-taxable","14":"product-type-simple"},"_links":{"self":[{"href":"https:\/\/biomedical.vn\/en\/wp-json\/wp\/v2\/product\/389","targetHints":{"allow":["GET"]}}],"collection":[{"href":"https:\/\/biomedical.vn\/en\/wp-json\/wp\/v2\/product"}],"about":[{"href":"https:\/\/biomedical.vn\/en\/wp-json\/wp\/v2\/types\/product"}],"wp:featuredmedia":[{"embeddable":true,"href":"https:\/\/biomedical.vn\/en\/wp-json\/wp\/v2\/media\/390"}],"wp:attachment":[{"href":"https:\/\/biomedical.vn\/en\/wp-json\/wp\/v2\/media?parent=389"}],"wp:term":[{"taxonomy":"product_cat","embeddable":true,"href":"https:\/\/biomedical.vn\/en\/wp-json\/wp\/v2\/product_cat?post=389"},{"taxonomy":"product_tag","embeddable":true,"href":"https:\/\/biomedical.vn\/en\/wp-json\/wp\/v2\/product_tag?post=389"}],"curies":[{"name":"wp","href":"https:\/\/api.w.org\/{rel}","templated":true}]}}