{"id":394,"date":"2022-05-06T10:44:12","date_gmt":"2022-05-06T03:44:12","guid":{"rendered":"https:\/\/biomedical.vn\/?post_type=product&#038;p=394"},"modified":"2022-08-10T13:48:32","modified_gmt":"2022-08-10T06:48:32","slug":"may-noi-day-tui-mau","status":"publish","type":"product","link":"https:\/\/biomedical.vn\/en\/product\/may-noi-day-tui-mau\/","title":{"rendered":"BMS Sterile tube welder"},"content":{"rendered":"<p>Gurantee the weldings with safe, stabel and sterile performance.<\/p>\n<p>Characteristics<\/p>\n<p>Series\uff1aSTW6810<\/p>\n<p>Material : ABS<\/p>\n<p>Colour\uff1awhite- blue<\/p>\n<p>Model\uff1aSTW6810<\/p>\n<p>Language: English<\/p>\n<p>Sensor\uff1a22<\/p>\n<p>Weight\uff1a14kg<\/p>\n<p>Screen\uff1a7 inches<\/p>","protected":false},"excerpt":{"rendered":"<p>M\u00e1y n\u1ed1i d\u00e2y v\u00f4 tr\u00f9ng t\u1eeb t\u1eadp \u0111o\u00e0n BMS Bloodcare Technology gi\u00fap qu\u00e1 tr\u00ecnh th\u1ef1c hi\u1ec7n n\u1ed1i d\u00e2y t\u00fai m\u00e1u \u0111\u01b0\u1ee3c an to\u00e0n, \u1ed5n \u0111\u1ecbnh v\u00e0 v\u00f4 tr\u00f9ng. C\u1ea5u h\u00ecnh k\u0129 thu\u1eadt: Series\uff1aM\u00e1y n\u00f4i t\u00fai m\u00e1u V\u1eadt li\u1ec7u : ABS M\u00e0u\uff1aTr\u1eafng- xanh Model\uff1aSTW6810 Ng\u00f4n ng\u1eef: Ti\u1ebfng anh S\u1ed1 c\u1ea3m bi\u1ebfn\uff1a22 Kh\u1ed1i l\u01b0\u1ee3ng\uff1a14kg K\u00edch th\u01b0\u1edbc m\u00e0n [&#8230;]","protected":false},"featured_media":395,"template":"","meta":[],"product_cat":[41,50,19,27],"product_tag":[],"class_list":{"0":"post-394","1":"product","2":"type-product","3":"status-publish","4":"has-post-thumbnail","6":"product_cat-bms","7":"product_cat-thiet-bi-may-moc","8":"product_cat-truyen-mau","9":"product_cat-truyen-mau-truyen-mau","11":"first","12":"instock","13":"shipping-taxable","14":"product-type-simple"},"_links":{"self":[{"href":"https:\/\/biomedical.vn\/en\/wp-json\/wp\/v2\/product\/394","targetHints":{"allow":["GET"]}}],"collection":[{"href":"https:\/\/biomedical.vn\/en\/wp-json\/wp\/v2\/product"}],"about":[{"href":"https:\/\/biomedical.vn\/en\/wp-json\/wp\/v2\/types\/product"}],"wp:featuredmedia":[{"embeddable":true,"href":"https:\/\/biomedical.vn\/en\/wp-json\/wp\/v2\/media\/395"}],"wp:attachment":[{"href":"https:\/\/biomedical.vn\/en\/wp-json\/wp\/v2\/media?parent=394"}],"wp:term":[{"taxonomy":"product_cat","embeddable":true,"href":"https:\/\/biomedical.vn\/en\/wp-json\/wp\/v2\/product_cat?post=394"},{"taxonomy":"product_tag","embeddable":true,"href":"https:\/\/biomedical.vn\/en\/wp-json\/wp\/v2\/product_tag?post=394"}],"curies":[{"name":"wp","href":"https:\/\/api.w.org\/{rel}","templated":true}]}}