{"id":396,"date":"2022-05-06T10:47:43","date_gmt":"2022-05-06T03:47:43","guid":{"rendered":"https:\/\/biomedical.vn\/?post_type=product&#038;p=396"},"modified":"2022-08-10T13:48:19","modified_gmt":"2022-08-10T06:48:19","slug":"may-tach-tieu-cau-tu-dong-mcs","status":"publish","type":"product","link":"https:\/\/biomedical.vn\/en\/product\/may-tach-tieu-cau-tu-dong-mcs\/","title":{"rendered":"Haemonetics MCS+ Multi component blood separation System"},"content":{"rendered":"<p>Produced by Haemonetics - a leading company on the world in hematology - blood transfusion products.<\/p>\n<ul>\n<li>\u00a0Separation blood components from donors or treating patients (stem cells, plasma exchange, autologous red blood cells, therapeutic cell removal...).<\/li>\n<li>\u00a0Haemonetics MCS+ uses the principle of density centrifugation to separate blood components, the sensors detect target cells to collect the blood components.<\/li>\n<li>\u00a0ISO, CE, US FDA certified.<\/li>\n<\/ul>","protected":false},"excerpt":{"rendered":"<p>\u0110\u01b0\u1ee3c s\u1ea3n xu\u1ea5t b\u1edfi c\u00f4ng ty Haemonetics \u2013 m\u1ed9t c\u00f4ng ty h\u00e0ng \u0111\u1ea7u c\u1ee7a M\u1ef9 v\u00e0 tr\u00ean th\u1ebf gi\u1edbi v\u1ec1 c\u00e1c s\u1ea3n ph\u1ea9m ph\u1ee5c v\u1ee5 ng\u00e0nh Huy\u1ebft h\u1ecdc &#8211; truy\u1ec1n m\u00e1u. \u00a0\u1ee8ng d\u1ee5ng trong thu th\u1eadp c\u00e1c th\u00e0nh ph\u1ea7n m\u00e1u t\u1eeb ng\u01b0\u1eddi hi\u1ebfn ho\u1eb7c \u0111i\u1ec1u tr\u1ecb b\u1ec7nh nh\u00e2n (t\u1ebf b\u00e0o g\u1ed1c, trao \u0111\u1ed5i huy\u1ebft t\u01b0\u01a1ng, [&#8230;]","protected":false},"featured_media":672,"template":"","meta":[],"product_cat":[50,19,27],"product_tag":[],"class_list":{"0":"post-396","1":"product","2":"type-product","3":"status-publish","4":"has-post-thumbnail","6":"product_cat-thiet-bi-may-moc","7":"product_cat-truyen-mau","8":"product_cat-truyen-mau-truyen-mau","10":"first","11":"instock","12":"shipping-taxable","13":"product-type-simple"},"_links":{"self":[{"href":"https:\/\/biomedical.vn\/en\/wp-json\/wp\/v2\/product\/396","targetHints":{"allow":["GET"]}}],"collection":[{"href":"https:\/\/biomedical.vn\/en\/wp-json\/wp\/v2\/product"}],"about":[{"href":"https:\/\/biomedical.vn\/en\/wp-json\/wp\/v2\/types\/product"}],"wp:featuredmedia":[{"embeddable":true,"href":"https:\/\/biomedical.vn\/en\/wp-json\/wp\/v2\/media\/672"}],"wp:attachment":[{"href":"https:\/\/biomedical.vn\/en\/wp-json\/wp\/v2\/media?parent=396"}],"wp:term":[{"taxonomy":"product_cat","embeddable":true,"href":"https:\/\/biomedical.vn\/en\/wp-json\/wp\/v2\/product_cat?post=396"},{"taxonomy":"product_tag","embeddable":true,"href":"https:\/\/biomedical.vn\/en\/wp-json\/wp\/v2\/product_tag?post=396"}],"curies":[{"name":"wp","href":"https:\/\/api.w.org\/{rel}","templated":true}]}}