{"id":399,"date":"2022-05-06T10:52:17","date_gmt":"2022-05-06T03:52:17","guid":{"rendered":"https:\/\/biomedical.vn\/?post_type=product&#038;p=399"},"modified":"2022-08-10T13:50:54","modified_gmt":"2022-08-10T06:50:54","slug":"may-xet-nghiem-dan-hoi-co-cuc-mau-rotem","status":"publish","type":"product","link":"https:\/\/biomedical.vn\/en\/product\/may-xet-nghiem-dan-hoi-co-cuc-mau-rotem\/","title":{"rendered":"The ROTEM \u00ae Sigma"},"content":{"rendered":"<p class=\" translation-block\">The ROTEM \u00ae Sigma is used to measure the elasticity of blood clots based on citrated whole blood samples. This special machine can analyze and<\/p>\n<p style=\"text-align: left;\">record all the different indicators, the interaction of components in the clotting process to serve the diagnosis of diseases and emergency surgery.<\/p>\n<ul>\n<li style=\"text-align: left;\">The ROTEM \u00ae sigma elastography analyzer system is CE, ISO and FDA certified.<\/li>\n<li style=\"text-align: left;\">The system has been used by more than 2500 laboratories and medical centers<\/li>\n<li style=\"text-align: left;\">With more than 1000 certified and clinically validated ROTEM in-depth reports.<\/li>\n<\/ul>\n<p class=\" translation-block\">The integrated ROTEM \u00ae Platelet Function Analysis Module creates a comprehensive bleeding control and analysis system.<\/p>\n<ul>\n<li style=\"text-align: left;\">The system integrates quick troubleshooting procedures during testing<\/li>\n<li style=\"text-align: left;\">Specific reagents for accurate and comprehensive diagnoses<\/li>\n<\/ul>","protected":false},"excerpt":{"rendered":"<p>M\u00e1y ROTEM d\u00f9ng \u0111\u1ec3 \u0111o \u0111\u1ed9 \u0111\u00e0n h\u1ed3i c\u1ee5c m\u00e1u d\u1ef1a tr\u00ean m\u1eabu m\u00e1u to\u00e0n ph\u1ea7n \u0111\u00e3 \u0111\u01b0\u1ee3c citrate h\u00f3a. Lo\u1ea1i m\u00e1y \u0111\u1eb7c bi\u1ec7t n\u00e0y c\u00f3 th\u1ec3 ph\u00e2n t\u00edch v\u00e0 ghi l\u1ea1i t\u1ea5t c\u1ea3 c\u00e1c ch\u1ec9 s\u1ed1 kh\u00e1c nhau, s\u1ef1 t\u01b0\u01a1ng t\u00e1c c\u1ee7a c\u00e1c th\u00e0nh ph\u1ea7n trong qu\u00e1 tr\u00ecnh \u0111\u00f4ng m\u00e1u nh\u1eb1m ph\u1ee5c v\u1ee5 cho [&#8230;]","protected":false},"featured_media":670,"template":"","meta":[],"product_cat":[26,51,19,44],"product_tag":[],"class_list":{"0":"post-399","1":"product","2":"type-product","3":"status-publish","4":"has-post-thumbnail","6":"product_cat-huyet-hoc","7":"product_cat-thiet-bi-may-moc-huyet-hoc","8":"product_cat-truyen-mau","9":"product_cat-hang-werfen","11":"first","12":"instock","13":"shipping-taxable","14":"product-type-simple"},"_links":{"self":[{"href":"https:\/\/biomedical.vn\/en\/wp-json\/wp\/v2\/product\/399","targetHints":{"allow":["GET"]}}],"collection":[{"href":"https:\/\/biomedical.vn\/en\/wp-json\/wp\/v2\/product"}],"about":[{"href":"https:\/\/biomedical.vn\/en\/wp-json\/wp\/v2\/types\/product"}],"wp:featuredmedia":[{"embeddable":true,"href":"https:\/\/biomedical.vn\/en\/wp-json\/wp\/v2\/media\/670"}],"wp:attachment":[{"href":"https:\/\/biomedical.vn\/en\/wp-json\/wp\/v2\/media?parent=399"}],"wp:term":[{"taxonomy":"product_cat","embeddable":true,"href":"https:\/\/biomedical.vn\/en\/wp-json\/wp\/v2\/product_cat?post=399"},{"taxonomy":"product_tag","embeddable":true,"href":"https:\/\/biomedical.vn\/en\/wp-json\/wp\/v2\/product_tag?post=399"}],"curies":[{"name":"wp","href":"https:\/\/api.w.org\/{rel}","templated":true}]}}