{"id":403,"date":"2022-05-06T10:55:28","date_gmt":"2022-05-06T03:55:28","guid":{"rendered":"https:\/\/biomedical.vn\/?post_type=product&#038;p=403"},"modified":"2022-07-21T16:48:45","modified_gmt":"2022-07-21T09:48:45","slug":"kit-dinh-luong-virus-hbv","status":"publish","type":"product","link":"https:\/\/biomedical.vn\/en\/product\/kit-dinh-luong-virus-hbv\/","title":{"rendered":"Kit \u0111\u1ecbnh l\u01b0\u1ee3ng virus HBV"},"content":{"rendered":"<p>AccuPid HBV Quantification Kit \u0111\u01b0\u1ee3c s\u1eed d\u1ee5ng trong x\u00e9t nghi\u1ec7m \u0111\u1ecbnh l\u01b0\u1ee3ng DNA c\u1ee7a virus vi\u00eam gan B trong huy\u1ebft thanh ng\u01b0\u1eddi.<\/p>\n<p>X\u00e9t nghi\u1ec7m n\u00e0y \u0111\u01b0\u1ee3c s\u1eed d\u1ee5ng tr\u01b0\u1edbc v\u00e0 trong su\u1ed1t qu\u00e1 tr\u00ecnh \u0111i\u1ec1u tr\u1ecb nh\u1eb1m \u0111\u00e1nh gi\u00e1 m\u1ee9c \u0111\u1ed9 \u00e1p \u1ee9ng thu\u1ed1c \u1edf b\u1ec7nh nh\u00e2n.<\/p>\n<p>AccuPid HBV Quantification Kit d\u1ef1a tr\u00ean nguy\u00ean t\u1eafc multiplex real-time PCR, nh\u00e2n b\u1ea3n v\u00f9ng gene \u0111\u1eb7c tr\u01b0ng c\u1ee7a HBV.<\/p>","protected":false},"excerpt":{"rendered":"<p>AccuPid HBV Quantification Kit \u0111\u01b0\u1ee3c s\u1eed d\u1ee5ng trong x\u00e9t nghi\u1ec7m \u0111\u1ecbnh l\u01b0\u1ee3ng DNA c\u1ee7a virus vi\u00eam gan B trong huy\u1ebft thanh ng\u01b0\u1eddi. X\u00e9t nghi\u1ec7m n\u00e0y \u0111\u01b0\u1ee3c s\u1eed d\u1ee5ng tr\u01b0\u1edbc v\u00e0 trong su\u1ed1t qu\u00e1 tr\u00ecnh \u0111i\u1ec1u tr\u1ecb nh\u1eb1m \u0111\u00e1nh gi\u00e1 m\u1ee9c \u0111\u1ed9 \u00e1p \u1ee9ng thu\u1ed1c \u1edf b\u1ec7nh nh\u00e2n. AccuPid HBV Quantification Kit d\u1ef1a tr\u00ean nguy\u00ean t\u1eafc [&#8230;]","protected":false},"featured_media":741,"template":"","meta":[],"product_cat":[20,31],"product_tag":[],"class_list":{"0":"post-403","1":"product","2":"type-product","3":"status-publish","4":"has-post-thumbnail","6":"product_cat-sinh-hoc-phan-tu","7":"product_cat-test-kits-for-other-diseases-diganostic-using-pcr-technology","9":"first","10":"instock","11":"shipping-taxable","12":"product-type-simple"},"_links":{"self":[{"href":"https:\/\/biomedical.vn\/en\/wp-json\/wp\/v2\/product\/403","targetHints":{"allow":["GET"]}}],"collection":[{"href":"https:\/\/biomedical.vn\/en\/wp-json\/wp\/v2\/product"}],"about":[{"href":"https:\/\/biomedical.vn\/en\/wp-json\/wp\/v2\/types\/product"}],"wp:featuredmedia":[{"embeddable":true,"href":"https:\/\/biomedical.vn\/en\/wp-json\/wp\/v2\/media\/741"}],"wp:attachment":[{"href":"https:\/\/biomedical.vn\/en\/wp-json\/wp\/v2\/media?parent=403"}],"wp:term":[{"taxonomy":"product_cat","embeddable":true,"href":"https:\/\/biomedical.vn\/en\/wp-json\/wp\/v2\/product_cat?post=403"},{"taxonomy":"product_tag","embeddable":true,"href":"https:\/\/biomedical.vn\/en\/wp-json\/wp\/v2\/product_tag?post=403"}],"curies":[{"name":"wp","href":"https:\/\/api.w.org\/{rel}","templated":true}]}}