{"id":404,"date":"2022-05-06T10:58:50","date_gmt":"2022-05-06T03:58:50","guid":{"rendered":"https:\/\/biomedical.vn\/?post_type=product&#038;p=404"},"modified":"2022-07-21T15:52:41","modified_gmt":"2022-07-21T08:52:41","slug":"kit-dinh-luong-virus-hcv","status":"publish","type":"product","link":"https:\/\/biomedical.vn\/en\/product\/kit-dinh-luong-virus-hcv\/","title":{"rendered":"Kit \u0111\u1ecbnh l\u01b0\u1ee3ng virus HCV"},"content":{"rendered":"<p>AccuPid HCV Quantification Kit s\u1eed d\u1ee5ng k\u1ef9 thu\u1eadt Onestep real-time PCR (qPCR) cho ph\u00e9p ph\u00e1t hi\u1ec7n v\u00e0 \u0111\u1ecbnh l\u01b0\u1ee3ng RNA c\u1ee7a HCV trong m\u1eabu m\u1ed9t c\u00e1ch nhanh ch\u00f3ng v\u1edbi \u0111\u1ed9 ch\u00ednh x\u00e1c v\u00e0 \u0111\u1ed9 nh\u1ea1y cao, \u0111\u1ed3ng th\u1eddi gi\u1ea3m thi\u1ec3u c\u00e1c nguy c\u01a1 ngo\u1ea1i nhi\u1ec5m so v\u1edbi c\u00e1c k\u1ef9 thu\u1eadt PCR kh\u00e1c.<br \/>\nAccuPid HCV Quantification Kit ho\u1ea1t \u0111\u1ed9ng d\u1ef1a tr\u00ean vi\u1ec7c nh\u00e2n b\u1ea3n \u0111o\u1ea1n tr\u00ecnh t\u1ef1 m\u1ee5c ti\u00eau b\u1eb1ng h\u1ec7 m\u1ed3i \u2013 m\u1eabu d\u00f2 \u0111\u1eb7c hi\u1ec7u v\u00e0 c\u00f3 th\u1ec3 \u0111\u1ecdc tr\u1ef1c ti\u1ebfp k\u1ebft qu\u1ea3 d\u1ef1a tr\u00ean t\u00edn hi\u1ec7u hu\u1ef3nh quang thu \u0111\u01b0\u1ee3c.<\/p>","protected":false},"excerpt":{"rendered":"<p>AccuPid HCV Quantification Kit s\u1eed d\u1ee5ng k\u1ef9 thu\u1eadt Onestep real-time PCR (qPCR) cho ph\u00e9p ph\u00e1t hi\u1ec7n v\u00e0 \u0111\u1ecbnh l\u01b0\u1ee3ng RNA c\u1ee7a HCV trong m\u1eabu m\u1ed9t c\u00e1ch nhanh ch\u00f3ng v\u1edbi \u0111\u1ed9 ch\u00ednh x\u00e1c v\u00e0 \u0111\u1ed9 nh\u1ea1y cao, \u0111\u1ed3ng th\u1eddi gi\u1ea3m thi\u1ec3u c\u00e1c nguy c\u01a1 ngo\u1ea1i nhi\u1ec5m so v\u1edbi c\u00e1c k\u1ef9 thu\u1eadt PCR kh\u00e1c. AccuPid HCV Quantification [&#8230;]","protected":false},"featured_media":740,"template":"","meta":[],"product_cat":[20,31],"product_tag":[],"class_list":{"0":"post-404","1":"product","2":"type-product","3":"status-publish","4":"has-post-thumbnail","6":"product_cat-sinh-hoc-phan-tu","7":"product_cat-test-kits-for-other-diseases-diganostic-using-pcr-technology","9":"first","10":"instock","11":"shipping-taxable","12":"product-type-simple"},"_links":{"self":[{"href":"https:\/\/biomedical.vn\/en\/wp-json\/wp\/v2\/product\/404","targetHints":{"allow":["GET"]}}],"collection":[{"href":"https:\/\/biomedical.vn\/en\/wp-json\/wp\/v2\/product"}],"about":[{"href":"https:\/\/biomedical.vn\/en\/wp-json\/wp\/v2\/types\/product"}],"wp:featuredmedia":[{"embeddable":true,"href":"https:\/\/biomedical.vn\/en\/wp-json\/wp\/v2\/media\/740"}],"wp:attachment":[{"href":"https:\/\/biomedical.vn\/en\/wp-json\/wp\/v2\/media?parent=404"}],"wp:term":[{"taxonomy":"product_cat","embeddable":true,"href":"https:\/\/biomedical.vn\/en\/wp-json\/wp\/v2\/product_cat?post=404"},{"taxonomy":"product_tag","embeddable":true,"href":"https:\/\/biomedical.vn\/en\/wp-json\/wp\/v2\/product_tag?post=404"}],"curies":[{"name":"wp","href":"https:\/\/api.w.org\/{rel}","templated":true}]}}