{"id":411,"date":"2022-05-06T14:13:32","date_gmt":"2022-05-06T07:13:32","guid":{"rendered":"https:\/\/biomedical.vn\/?post_type=product&#038;p=411"},"modified":"2022-08-05T14:37:12","modified_gmt":"2022-08-05T07:37:12","slug":"cac-thiet-bi-luu-tru","status":"publish","type":"product","link":"https:\/\/biomedical.vn\/en\/product\/cac-thiet-bi-luu-tru\/","title":{"rendered":"Biobanking cryothern"},"content":{"rendered":"<p>&nbsp;<\/p>\n<p>Cryothern brand from Germany provides a complete solution for cold chain professionally.<\/p>\n<ul>\n<li>Life science<\/li>\n<li>Storage<\/li>\n<li>Transport<\/li>\n<li>Transfer<\/li>\n<li>Special construction<\/li>\n<li>Control and monitoring<\/li>\n<li>Services<\/li>\n<\/ul>","protected":false},"excerpt":{"rendered":"<p>&nbsp; Cryothern nh\u00e3n h\u00e0ng \u0111\u1ebfn t\u1eeb \u0110\u1ee9c cung c\u1ea5p to\u00e0n b\u1ed9 gi\u1ea3i ph\u00e1p cho d\u00e2y truy\u1ec1n l\u1ea1nh m\u1ed9t c\u00e1ch chuy\u00ean nghi\u1ec7p. Khoa h\u1ecdc s\u1ef1 s\u1ed1ng Thi\u1ebft b\u1ecb l\u01b0u tr\u1eef Thi\u1ebft b\u1ecb v\u1eadn chuy\u1ec3n Thi\u1ebft b\u1ecb chuy\u1ec3n Thi\u1ebft b\u1ecb c\u00f3 c\u1ea5u tr\u00fac \u0111\u1eb7c bi\u1ec7t Ki\u1ec3m so\u00e1t v\u00e0 theo d\u00f5i D\u1ecbch v\u1ee5 t\u01b0 v\u1ea5n, thi\u1ebft k\u1ebf<\/p>","protected":false},"featured_media":604,"template":"","meta":[],"product_cat":[32,47,21],"product_tag":[],"class_list":{"0":"post-411","1":"product","2":"type-product","3":"status-publish","4":"has-post-thumbnail","6":"product_cat-biobanking","7":"product_cat-cryotherm","8":"product_cat-te-bao-goc","10":"first","11":"instock","12":"shipping-taxable","13":"product-type-simple"},"_links":{"self":[{"href":"https:\/\/biomedical.vn\/en\/wp-json\/wp\/v2\/product\/411","targetHints":{"allow":["GET"]}}],"collection":[{"href":"https:\/\/biomedical.vn\/en\/wp-json\/wp\/v2\/product"}],"about":[{"href":"https:\/\/biomedical.vn\/en\/wp-json\/wp\/v2\/types\/product"}],"wp:featuredmedia":[{"embeddable":true,"href":"https:\/\/biomedical.vn\/en\/wp-json\/wp\/v2\/media\/604"}],"wp:attachment":[{"href":"https:\/\/biomedical.vn\/en\/wp-json\/wp\/v2\/media?parent=411"}],"wp:term":[{"taxonomy":"product_cat","embeddable":true,"href":"https:\/\/biomedical.vn\/en\/wp-json\/wp\/v2\/product_cat?post=411"},{"taxonomy":"product_tag","embeddable":true,"href":"https:\/\/biomedical.vn\/en\/wp-json\/wp\/v2\/product_tag?post=411"}],"curies":[{"name":"wp","href":"https:\/\/api.w.org\/{rel}","templated":true}]}}