{"id":589,"date":"2022-06-29T14:46:04","date_gmt":"2022-06-29T07:46:04","guid":{"rendered":"https:\/\/biomedical.vn\/?post_type=product&#038;p=589"},"modified":"2022-08-05T14:12:25","modified_gmt":"2022-08-05T07:12:25","slug":"nut-chan-kim-luon","status":"publish","type":"product","link":"https:\/\/biomedical.vn\/en\/product\/nut-chan-kim-luon\/","title":{"rendered":"N\u00fat ch\u1eb7n kim lu\u1ed3n"},"content":{"rendered":"<p><strong>CH\u1ec8 \u0110\u1ecaNH:<\/strong><br \/>\n\u0110\u1ec3 s\u1eed d\u1ee5ng k\u1ebft h\u1ee3p v\u1edbi m\u1ed9t \u1ed1ng th\u00f4ng t\u0129nh m\u1ea1ch \u0111\u1ec3 \u0111\u00f3ng l\u1ea1i l\u00e2u d\u00e0i theo th\u1eddi gian l\u01b0u \u0111\u01b0\u1ee3c ch\u1ec9 \u0111\u1ecbnh c\u1ee7a \u1ed1ng th\u00f4ng t\u01b0\u01a1ng \u1ee9ng I.V. \u0110\u1ec3 s\u1eed d\u1ee5ng m\u1ed9t l\u1ea7n.<br \/>\n<strong>V\u1eacT LI\u1ec6U<\/strong>: PP<br \/>\n<strong>CH\u1ea4T L\u01af\u1ee2NG:<\/strong> ISO 14972<br \/>\n<strong>K\u00cdCH TH\u01af\u1edaC:<\/strong><br \/>\n14 \u2013 22 G<br \/>\nC\u00e1c k\u00edch th\u01b0\u1edbc kh\u00e1c c\u00f3 s\u1eb5n.<br \/>\n<strong>TI\u1ec6T TR\u00d9NG:<\/strong><br \/>\nEO (Ethylenoxid)<br \/>\n<strong>H\u1ea0N D\u00d9NG:<\/strong><br \/>\n5 n\u0103m<br \/>\n<strong>\u0110\u00d3NG G\u00d3I:<\/strong><br \/>\nM\u1ed7i kim lu\u1ed3n \u0111\u01b0\u1ee3c \u0111\u00f3ng g\u00f3i ri\u00eang, v\u00f4 tr\u00f9ng.<br \/>\nH\u1ed9p 100 kim d\u1ea1ng x\u1ebfp.<\/p>","protected":false},"excerpt":{"rendered":"<p>CH\u1ec8 \u0110\u1ecaNH: \u0110\u1ec3 s\u1eed d\u1ee5ng k\u1ebft h\u1ee3p v\u1edbi m\u1ed9t \u1ed1ng th\u00f4ng t\u0129nh m\u1ea1ch \u0111\u1ec3 \u0111\u00f3ng l\u1ea1i l\u00e2u d\u00e0i theo th\u1eddi gian l\u01b0u \u0111\u01b0\u1ee3c ch\u1ec9 \u0111\u1ecbnh c\u1ee7a \u1ed1ng th\u00f4ng t\u01b0\u01a1ng \u1ee9ng I.V. \u0110\u1ec3 s\u1eed d\u1ee5ng m\u1ed9t l\u1ea7n. V\u1eacT LI\u1ec6U: PP CH\u1ea4T L\u01af\u1ee2NG: ISO 14972 K\u00cdCH TH\u01af\u1edaC: 14 \u2013 22 G C\u00e1c k\u00edch th\u01b0\u1edbc kh\u00e1c c\u00f3 s\u1eb5n. [&#8230;]","protected":false},"featured_media":664,"template":"","meta":[],"product_cat":[37,19,27,34],"product_tag":[],"class_list":{"0":"post-589","1":"product","2":"type-product","3":"status-publish","4":"has-post-thumbnail","6":"product_cat-troge-hamburg","7":"product_cat-truyen-mau","8":"product_cat-truyen-mau-truyen-mau","9":"product_cat-vat-tu-tieu-hao-truyen-mau-truyen-mau","11":"first","12":"instock","13":"shipping-taxable","14":"product-type-simple"},"_links":{"self":[{"href":"https:\/\/biomedical.vn\/en\/wp-json\/wp\/v2\/product\/589","targetHints":{"allow":["GET"]}}],"collection":[{"href":"https:\/\/biomedical.vn\/en\/wp-json\/wp\/v2\/product"}],"about":[{"href":"https:\/\/biomedical.vn\/en\/wp-json\/wp\/v2\/types\/product"}],"wp:featuredmedia":[{"embeddable":true,"href":"https:\/\/biomedical.vn\/en\/wp-json\/wp\/v2\/media\/664"}],"wp:attachment":[{"href":"https:\/\/biomedical.vn\/en\/wp-json\/wp\/v2\/media?parent=589"}],"wp:term":[{"taxonomy":"product_cat","embeddable":true,"href":"https:\/\/biomedical.vn\/en\/wp-json\/wp\/v2\/product_cat?post=589"},{"taxonomy":"product_tag","embeddable":true,"href":"https:\/\/biomedical.vn\/en\/wp-json\/wp\/v2\/product_tag?post=589"}],"curies":[{"name":"wp","href":"https:\/\/api.w.org\/{rel}","templated":true}]}}