{"id":591,"date":"2022-06-29T14:52:00","date_gmt":"2022-06-29T07:52:00","guid":{"rendered":"https:\/\/biomedical.vn\/?post_type=product&#038;p=591"},"modified":"2022-08-27T11:35:22","modified_gmt":"2022-08-27T04:35:22","slug":"kim-luon","status":"publish","type":"product","link":"https:\/\/biomedical.vn\/en\/product\/kim-luon\/","title":{"rendered":"Kim lu\u1ed3n t\u0129nh m\u1ea1ch"},"content":{"rendered":"<p><strong>CH\u1ec8 \u0110\u1ecaNH:\u00a0<\/strong><\/p>\n<p>D\u00f9ng \u0111\u1ec3 \u0111\u1eb7t t\u0129nh m\u1ea1ch ngo\u1ea1i vi. Ng\u0103n ng\u1eeba ch\u1ea5n th\u01b0\u01a1ng do kim ti\u00eam v\u00e0 gi\u1ea3m nguy c\u01a1 nhi\u1ec5m tr\u00f9ng.<\/p>\n<p>S\u1eed d\u1ee5ng trong c\u00e1c tr\u01b0\u1eddng h\u1ee3p ti\u1ec1m \u1ea9n r\u1ee7i ro cao. Ch\u1ec9 d\u00f9ng m\u1ed9t l\u1ea7n.<br \/>\n<strong>QUALITY<\/strong>: DIN EN ISO 10555-1; DIN EN ISO 10555-5<br \/>\n<strong>V\u1eacT LI\u1ec6U<\/strong>: Th\u00e9p kh\u00f4ng g\u1ec9, PP, PE, PC, FEP \/ PUR<br \/>\n<strong>TI\u1ec6T TR\u00d9NG: <\/strong>EO (Ethylenoxid)<br \/>\n<strong>K\u00cdCH TH\u01af\u1edaC: <\/strong>14 \u2013 26 G<br \/>\nC\u00e1c k\u00edch th\u01b0\u1edbc kh\u00e1c c\u00f3 s\u1eb5n<br \/>\n<strong>H\u1ea0N D\u00d9NG: <\/strong>5 n\u0103m<br \/>\n<strong>\u0110\u00d3NG G\u00d3I:<\/strong><br \/>\nM\u1ed7i kim lu\u1ed3n \u0111\u01b0\u1ee3c \u0111\u00f3ng g\u00f3i ri\u00eang, v\u00f4 tr\u00f9ng.<br \/>\nH\u1ed9p 50 kim d\u1ea1ng x\u1ebfp.<br \/>\nTRO-VENSITE safety plus v\u1edbi c\u1ed5ng ti\u00eam \u0111\u1ec3 \u00e1p d\u1ee5ng th\u00eam thu\u1ed1c..<br \/>\nTRO-VENSITE safety sine kh\u00f4ng c\u00f3 c\u1ed5ng phun v\u00e0 kh\u00f4ng c\u00f3 c\u00e1nh.<br \/>\nTRO-VENSITE safety 3+ t\u00edch h\u1ee3p van kh\u00f3a 3 chi\u1ec1u.<\/p>","protected":false},"excerpt":{"rendered":"<p>CH\u1ec8 \u0110\u1ecaNH:\u00a0 D\u00f9ng \u0111\u1ec3 \u0111\u1eb7t t\u0129nh m\u1ea1ch ngo\u1ea1i vi. Ng\u0103n ng\u1eeba ch\u1ea5n th\u01b0\u01a1ng do kim ti\u00eam v\u00e0 gi\u1ea3m nguy c\u01a1 nhi\u1ec5m tr\u00f9ng. S\u1eed d\u1ee5ng trong c\u00e1c tr\u01b0\u1eddng h\u1ee3p ti\u1ec1m \u1ea9n r\u1ee7i ro cao. Ch\u1ec9 d\u00f9ng m\u1ed9t l\u1ea7n. CH\u1ea4T L\u01af\u1ee2NG: DIN EN ISO 10555-1; DIN EN ISO 10555-5 V\u1eacT LI\u1ec6U: Th\u00e9p kh\u00f4ng g\u1ec9, PP, PE, PC, [&#8230;]","protected":false},"featured_media":662,"template":"","meta":[],"product_cat":[37,19,27,34],"product_tag":[],"class_list":{"0":"post-591","1":"product","2":"type-product","3":"status-publish","4":"has-post-thumbnail","6":"product_cat-troge-hamburg","7":"product_cat-truyen-mau","8":"product_cat-truyen-mau-truyen-mau","9":"product_cat-vat-tu-tieu-hao-truyen-mau-truyen-mau","11":"first","12":"instock","13":"shipping-taxable","14":"product-type-simple"},"_links":{"self":[{"href":"https:\/\/biomedical.vn\/en\/wp-json\/wp\/v2\/product\/591","targetHints":{"allow":["GET"]}}],"collection":[{"href":"https:\/\/biomedical.vn\/en\/wp-json\/wp\/v2\/product"}],"about":[{"href":"https:\/\/biomedical.vn\/en\/wp-json\/wp\/v2\/types\/product"}],"wp:featuredmedia":[{"embeddable":true,"href":"https:\/\/biomedical.vn\/en\/wp-json\/wp\/v2\/media\/662"}],"wp:attachment":[{"href":"https:\/\/biomedical.vn\/en\/wp-json\/wp\/v2\/media?parent=591"}],"wp:term":[{"taxonomy":"product_cat","embeddable":true,"href":"https:\/\/biomedical.vn\/en\/wp-json\/wp\/v2\/product_cat?post=591"},{"taxonomy":"product_tag","embeddable":true,"href":"https:\/\/biomedical.vn\/en\/wp-json\/wp\/v2\/product_tag?post=591"}],"curies":[{"name":"wp","href":"https:\/\/api.w.org\/{rel}","templated":true}]}}