{"id":596,"date":"2022-06-29T15:21:32","date_gmt":"2022-06-29T08:21:32","guid":{"rendered":"https:\/\/biomedical.vn\/?post_type=product&#038;p=596"},"modified":"2022-08-05T14:33:22","modified_gmt":"2022-08-05T07:33:22","slug":"bo-xet-nghiem-dai-dot-bien-%ce%b2","status":"publish","type":"product","link":"https:\/\/biomedical.vn\/en\/product\/bo-xet-nghiem-dai-dot-bien-%ce%b2\/","title":{"rendered":"B\u1ed9 x\u00e9t nghi\u1ec7m d\u1ea3i \u0111\u1ed9t bi\u1ebfn \u03b2 Thalassemia"},"content":{"rendered":"<p>B\u1ed9 x\u00e9t nghi\u1ec7m cho ph\u00e9p x\u00e1c \u0111\u1ecbnh c\u00e1c \u0111\u1ed9t bi\u1ebfn tr\u00ean gen b-globin (Khu v\u1ef1c \u0110\u00f4ng Nam \u00c1) d\u1ef1a tr\u00ean ph\u1ea3n \u1ee9ng PCR v\u00e0 lai ng\u01b0\u1ee3c.<\/p>\n<p>Kit ph\u00e1t hi\u1ec7n \u0111\u1ed3ng th\u1eddi 22 \u0111\u1ed9t bi\u1ebfn tr\u00ean gen Beta Globin g\u00e2y b\u1ec7nh Beta Thalassemia.<\/p>\n<p>B\u1ea3o qu\u1ea3n 2-8\u00b0C. 1 m\u1eabu b\u1ec7nh nh\u00e2n\/test, kh\u00f4ng c\u1ea7n ch\u1ea1y th\u00eam chu\u1ea9n ngo\u00e0i.<\/p>\n<p>H\u1ea1n s\u1eed d\u1ee5ng 6 th\u00e1ng k\u1ec3 t\u1eeb ng\u00e0y giao h\u00e0ng<\/p>","protected":false},"excerpt":{"rendered":"<p>B\u1ed9 x\u00e9t nghi\u1ec7m cho ph\u00e9p x\u00e1c \u0111\u1ecbnh c\u00e1c \u0111\u1ed9t bi\u1ebfn tr\u00ean gen b-globin (Khu v\u1ef1c \u0110\u00f4ng Nam \u00c1) d\u1ef1a tr\u00ean ph\u1ea3n \u1ee9ng PCR v\u00e0 lai ng\u01b0\u1ee3c. Kit ph\u00e1t hi\u1ec7n \u0111\u1ed3ng th\u1eddi 22 \u0111\u1ed9t bi\u1ebfn tr\u00ean gen Beta Globin g\u00e2y b\u1ec7nh Beta Thalassemia. B\u1ea3o qu\u1ea3n 2-8\u00b0C. 1 m\u1eabu b\u1ec7nh nh\u00e2n\/test, kh\u00f4ng c\u1ea7n ch\u1ea1y th\u00eam chu\u1ea9n ngo\u00e0i. [&#8230;]","protected":false},"featured_media":655,"template":"","meta":[],"product_cat":[20,31,46],"product_tag":[],"class_list":{"0":"post-596","1":"product","2":"type-product","3":"status-publish","4":"has-post-thumbnail","6":"product_cat-sinh-hoc-phan-tu","7":"product_cat-test-kits-for-other-diseases-diganostic-using-pcr-technology","8":"product_cat-vietnalab","10":"first","11":"instock","12":"shipping-taxable","13":"product-type-simple"},"_links":{"self":[{"href":"https:\/\/biomedical.vn\/en\/wp-json\/wp\/v2\/product\/596","targetHints":{"allow":["GET"]}}],"collection":[{"href":"https:\/\/biomedical.vn\/en\/wp-json\/wp\/v2\/product"}],"about":[{"href":"https:\/\/biomedical.vn\/en\/wp-json\/wp\/v2\/types\/product"}],"wp:featuredmedia":[{"embeddable":true,"href":"https:\/\/biomedical.vn\/en\/wp-json\/wp\/v2\/media\/655"}],"wp:attachment":[{"href":"https:\/\/biomedical.vn\/en\/wp-json\/wp\/v2\/media?parent=596"}],"wp:term":[{"taxonomy":"product_cat","embeddable":true,"href":"https:\/\/biomedical.vn\/en\/wp-json\/wp\/v2\/product_cat?post=596"},{"taxonomy":"product_tag","embeddable":true,"href":"https:\/\/biomedical.vn\/en\/wp-json\/wp\/v2\/product_tag?post=596"}],"curies":[{"name":"wp","href":"https:\/\/api.w.org\/{rel}","templated":true}]}}