{"id":597,"date":"2022-06-29T15:23:10","date_gmt":"2022-06-29T08:23:10","guid":{"rendered":"https:\/\/biomedical.vn\/?post_type=product&#038;p=597"},"modified":"2022-08-05T14:33:06","modified_gmt":"2022-08-05T07:33:06","slug":"may-tach-chiet-axit-nucleic-tu-dong","status":"publish","type":"product","link":"https:\/\/biomedical.vn\/en\/product\/may-tach-chiet-axit-nucleic-tu-dong\/","title":{"rendered":"M\u00e1y t\u00e1ch chi\u1ebft Axit Nucleic t\u1ef1 \u0111\u1ed9ng"},"content":{"rendered":"<p>M\u00e3 s\u1ea3n ph\u1ea9m: VNP-32YL<\/p>\n<p>L\u01b0\u1ee3ng m\u1eabu: 1-32<\/p>\n<p>T\u1ef7 l\u1ec7 thu h\u1ed3i h\u1ea1t t\u1eeb t\u00ednh &gt; 95%<\/p>\n<p>Lo\u1ea1i kit s\u1eed d\u1ee5ng: 96 gi\u1ebfng<\/p>\n<p>Th\u1ec3 t\u00edch m\u1eabu: 200~1000 \u00b5L<\/p>\n<p>S\u1ef1 ch\u00eanh l\u1ec7ch gi\u1eef c\u00e1c l\u1ea7n tinh ch\u1ebf l\u1eb7p l\u1ea1i: CV \u2264 5%<\/p>\n<p>Nhi\u1ec7t \u0111\u1ed9: T\u1eeb nhi\u1ec7t \u0111\u1ed9 ph\u00f2ng \u0111\u1ebfn ~120 \u0111\u1ed9 C<\/p>\n<p>Ng\u00f4n ng\u1eef: Trung Qu\u1ed1c\/ Ti\u1ebfng Anh<\/p>\n<p>Giao di\u1ec7n v\u1eadn h\u00e0nh: M\u00e0n h\u00ecnh c\u1ea3m \u1ee9ng 8 inch, c\u00f3 th\u1ec3 k\u1ebft n\u1ed1i v\u1edbi c\u00e1c con chu\u1ed9t ngo\u00e0i m\u00e1y<\/p>\n<p>B\u1ed9 l\u01b0u tr\u1eef: 500 Ch\u01b0\u01a1ng tr\u00ecnh c\u00f3 th\u1ec3 l\u01b0u tr\u1eef<\/p>\n<p>Ch\u01b0\u01a1ng tr\u00ecnh qu\u1ea3n l\u00fd: Th\u00eam, ch\u1ec9nh s\u1eeda, l\u01b0u, x\u00f3a<\/p>\n<p>Giao di\u1ec7n m\u00e1y: 3 USB lo\u1ea1i A, 1 c\u1ed5ng c\u1eafm m\u1ea1ng, 1DB9 debug interface<\/p>\n<p>M\u1ea1ng: wifi<\/p>\n<p>Kh\u1eed tr\u00f9ng: UV<\/p>\n<p>H\u1ec7 th\u1ed1ng h\u00fat: Qu\u1ea1t h\u00fat<\/p>\n<p>Ch\u1ebf \u0111\u1ed9 ch\u1ed1ng \u00f4 nhi\u1ec5m: Kh\u1eed tr\u00f9ng b\u1eb1ng tia c\u1ef1c t\u00edm<\/p>\n<p>K\u00edch th\u01b0\u1edbc(W*D*H): 412mm x 410mm x 430mm<\/p>\n<p>Tr\u1ecdng l\u01b0\u1ee3ng: 30kg<\/p>","protected":false},"excerpt":{"rendered":"<p>M\u00e3 s\u1ea3n ph\u1ea9m: VNP-32YL L\u01b0\u1ee3ng m\u1eabu: 1-32 T\u1ef7 l\u1ec7 thu h\u1ed3i h\u1ea1t t\u1eeb t\u00ednh &gt; 95% Lo\u1ea1i kit s\u1eed d\u1ee5ng: 96 gi\u1ebfng Th\u1ec3 t\u00edch m\u1eabu: 200~1000 \u00b5L S\u1ef1 ch\u00eanh l\u1ec7ch gi\u1eef c\u00e1c l\u1ea7n tinh ch\u1ebf l\u1eb7p l\u1ea1i: CV \u2264 5% Nhi\u1ec7t \u0111\u1ed9: T\u1eeb nhi\u1ec7t \u0111\u1ed9 ph\u00f2ng \u0111\u1ebfn ~120 \u0111\u1ed9 C Ng\u00f4n ng\u1eef: Trung Qu\u1ed1c\/ Ti\u1ebfng [&#8230;]","protected":false},"featured_media":654,"template":"","meta":[],"product_cat":[29,20,45],"product_tag":[35,36],"class_list":{"0":"post-597","1":"product","2":"type-product","3":"status-publish","4":"has-post-thumbnail","6":"product_cat-dna-extraction-kit","7":"product_cat-sinh-hoc-phan-tu","8":"product_cat-vazyme","9":"product_tag-chiet-tach","10":"product_tag-dna","12":"first","13":"instock","14":"shipping-taxable","15":"product-type-simple"},"_links":{"self":[{"href":"https:\/\/biomedical.vn\/en\/wp-json\/wp\/v2\/product\/597","targetHints":{"allow":["GET"]}}],"collection":[{"href":"https:\/\/biomedical.vn\/en\/wp-json\/wp\/v2\/product"}],"about":[{"href":"https:\/\/biomedical.vn\/en\/wp-json\/wp\/v2\/types\/product"}],"wp:featuredmedia":[{"embeddable":true,"href":"https:\/\/biomedical.vn\/en\/wp-json\/wp\/v2\/media\/654"}],"wp:attachment":[{"href":"https:\/\/biomedical.vn\/en\/wp-json\/wp\/v2\/media?parent=597"}],"wp:term":[{"taxonomy":"product_cat","embeddable":true,"href":"https:\/\/biomedical.vn\/en\/wp-json\/wp\/v2\/product_cat?post=597"},{"taxonomy":"product_tag","embeddable":true,"href":"https:\/\/biomedical.vn\/en\/wp-json\/wp\/v2\/product_tag?post=597"}],"curies":[{"name":"wp","href":"https:\/\/api.w.org\/{rel}","templated":true}]}}