{"id":710,"date":"2022-07-21T09:28:12","date_gmt":"2022-07-21T02:28:12","guid":{"rendered":"https:\/\/biomedical.vn\/?post_type=product&#038;p=710"},"modified":"2022-08-10T13:54:01","modified_gmt":"2022-08-10T06:54:01","slug":"test-nhanh-sang-loc-hiv-hiv-1-2-wb-meril","status":"publish","type":"product","link":"https:\/\/biomedical.vn\/en\/product\/test-nhanh-sang-loc-hiv-hiv-1-2-wb-meril\/","title":{"rendered":"Test nhanh s\u00e0ng l\u1ecdc HIV  (HIV 1-2 WB) Meril"},"content":{"rendered":"<p>X\u00e9t nghi\u1ec7m nhanh m\u1ed9t b\u01b0\u1edbc \u0111\u1ec3 ph\u00e1t hi\u1ec7n kh\u00e1ng th\u1ec3 kh\u00e1ng HIV<br \/>\n\u2022 Lo\u1ea1i m\u1eabu: Huy\u1ebft thanh, Huy\u1ebft t\u01b0\u01a1ng, M\u00e1u to\u00e0n ph\u1ea7n<br \/>\n\u2022 Th\u1ec3 t\u00edch m\u1eabu: 10 \u00b5l Huy\u1ebft thanh \/ Huy\u1ebft t\u01b0\u01a1ng ho\u1eb7c 20 \u00b5l M\u00e1u to\u00e0n ph\u1ea7n<br \/>\n\u2022 Dung t\u00edch \u0111\u1ec7m d\u1ecbch: 3 gi\u1ecdt<br \/>\n\u2022 Th\u1eddi gian di\u1ec5n gi\u1ea3i k\u1ebft qu\u1ea3: 20 ph\u00fat<br \/>\n\u2022 L\u01b0u tr\u1eef nhi\u1ec7t \u0111\u1ed9 ph\u00f2ng<br \/>\n\u2022 \u0110\u01b0\u1ee3c NIB ph\u00ea duy\u1ec7t, NARI \u0111\u00e1nh gi\u00e1 v\u00e0 cung c\u1ea5p th\u00f4ng qua<br \/>\n\u2022 UNDP cho t\u1ea5t c\u1ea3 Hi\u1ec7p h\u1ed9i Ki\u1ec3m so\u00e1t AIDS c\u1ee7a Ti\u1ec3u bang<\/p>","protected":false},"excerpt":{"rendered":"<p>X\u00e9t nghi\u1ec7m nhanh m\u1ed9t b\u01b0\u1edbc \u0111\u1ec3 ph\u00e1t hi\u1ec7n kh\u00e1ng th\u1ec3 kh\u00e1ng HIV \u2022 Lo\u1ea1i m\u1eabu: Huy\u1ebft thanh, Huy\u1ebft t\u01b0\u01a1ng, M\u00e1u to\u00e0n ph\u1ea7n \u2022 Th\u1ec3 t\u00edch m\u1eabu: 10 \u00b5l Huy\u1ebft thanh \/ Huy\u1ebft t\u01b0\u01a1ng ho\u1eb7c 20 \u00b5l M\u00e1u to\u00e0n ph\u1ea7n \u2022 Dung t\u00edch \u0111\u1ec7m d\u1ecbch: 3 gi\u1ecdt \u2022 Th\u1eddi gian di\u1ec5n gi\u1ea3i k\u1ebft qu\u1ea3: 20 ph\u00fat [&#8230;]","protected":false},"featured_media":711,"template":"","meta":[],"product_cat":[26,42,52,19],"product_tag":[],"class_list":{"0":"post-710","1":"product","2":"type-product","3":"status-publish","4":"has-post-thumbnail","6":"product_cat-huyet-hoc","7":"product_cat-meril","8":"product_cat-test-nhanh-sang-loc","9":"product_cat-truyen-mau","11":"first","12":"instock","13":"shipping-taxable","14":"product-type-simple"},"_links":{"self":[{"href":"https:\/\/biomedical.vn\/en\/wp-json\/wp\/v2\/product\/710","targetHints":{"allow":["GET"]}}],"collection":[{"href":"https:\/\/biomedical.vn\/en\/wp-json\/wp\/v2\/product"}],"about":[{"href":"https:\/\/biomedical.vn\/en\/wp-json\/wp\/v2\/types\/product"}],"wp:featuredmedia":[{"embeddable":true,"href":"https:\/\/biomedical.vn\/en\/wp-json\/wp\/v2\/media\/711"}],"wp:attachment":[{"href":"https:\/\/biomedical.vn\/en\/wp-json\/wp\/v2\/media?parent=710"}],"wp:term":[{"taxonomy":"product_cat","embeddable":true,"href":"https:\/\/biomedical.vn\/en\/wp-json\/wp\/v2\/product_cat?post=710"},{"taxonomy":"product_tag","embeddable":true,"href":"https:\/\/biomedical.vn\/en\/wp-json\/wp\/v2\/product_tag?post=710"}],"curies":[{"name":"wp","href":"https:\/\/api.w.org\/{rel}","templated":true}]}}