{"id":719,"date":"2022-07-21T09:52:54","date_gmt":"2022-07-21T02:52:54","guid":{"rendered":"https:\/\/biomedical.vn\/?post_type=product&#038;p=719"},"modified":"2022-08-10T13:53:47","modified_gmt":"2022-08-10T06:53:47","slug":"test-nhanh-sang-loc-virut-sot-xuat-huyet-dengue-meril","status":"publish","type":"product","link":"https:\/\/biomedical.vn\/en\/product\/test-nhanh-sang-loc-virut-sot-xuat-huyet-dengue-meril\/","title":{"rendered":"Test nhanh s\u00e0ng l\u1ecdc virut s\u1ed1t xu\u1ea5t huy\u1ebft Asan Easy Test\u00ae Dengue NS1 Ag 100"},"content":{"rendered":"<p>Khay th\u1eed Asan Easy Test Dengue NS1 Ag 100 \u0111\u01b0\u1ee3c thi\u1ebft k\u1ebf \u0111\u1ec3 x\u00e9t nghi\u1ec7m s\u00e0ng l\u1ecdc s\u01a1 b\u1ed9 b\u1ec7nh s\u1ed1t xu\u1ea5t huy\u1ebft.<\/p>\n<p>B\u1ed9 khay th\u1eed ch\u1ea9n \u0111o\u00e1n ph\u00e1t hi\u1ec7n kh\u00e1ng nguy\u00ean NS1 virus dengue trong huy\u1ebft thanh, huy\u1ebft t\u01b0\u01a1ng hay m\u00e1u to\u00e0n ph\u1ea7n ng\u01b0\u1eddi.<\/p>\n<p>Asan Easy Test Dengue NS1 Ag 100 n\u00ean \u0111\u01b0\u1ee3c b\u1ea3o qu\u1ea3n \u1edf 1~30\u2103 (33.8~86 \u2109 ).<\/p>\n<p>H\u1ea1n d\u00f9ng 24 th\u00e1ng k\u1ec3 t\u1eeb ng\u00e0y s\u1ea3n xu\u1ea5t.<\/p>","protected":false},"excerpt":{"rendered":"<p>Khay th\u1eed Asan Easy Test Dengue NS1 Ag 100 \u0111\u01b0\u1ee3c thi\u1ebft k\u1ebf \u0111\u1ec3 x\u00e9t nghi\u1ec7m s\u00e0ng l\u1ecdc s\u01a1 b\u1ed9 b\u1ec7nh s\u1ed1t xu\u1ea5t huy\u1ebft. B\u1ed9 khay th\u1eed ch\u1ea9n \u0111o\u00e1n ph\u00e1t hi\u1ec7n kh\u00e1ng nguy\u00ean NS1 virus dengue trong huy\u1ebft thanh, huy\u1ebft t\u01b0\u01a1ng hay m\u00e1u to\u00e0n ph\u1ea7n ng\u01b0\u1eddi. Asan Easy Test Dengue NS1 Ag 100 n\u00ean \u0111\u01b0\u1ee3c b\u1ea3o [&#8230;]","protected":false},"featured_media":758,"template":"","meta":[],"product_cat":[38,26,52,19],"product_tag":[],"class_list":{"0":"post-719","1":"product","2":"type-product","3":"status-publish","4":"has-post-thumbnail","6":"product_cat-asan-pharm","7":"product_cat-huyet-hoc","8":"product_cat-test-nhanh-sang-loc","9":"product_cat-truyen-mau","11":"first","12":"instock","13":"shipping-taxable","14":"product-type-simple"},"_links":{"self":[{"href":"https:\/\/biomedical.vn\/en\/wp-json\/wp\/v2\/product\/719","targetHints":{"allow":["GET"]}}],"collection":[{"href":"https:\/\/biomedical.vn\/en\/wp-json\/wp\/v2\/product"}],"about":[{"href":"https:\/\/biomedical.vn\/en\/wp-json\/wp\/v2\/types\/product"}],"wp:featuredmedia":[{"embeddable":true,"href":"https:\/\/biomedical.vn\/en\/wp-json\/wp\/v2\/media\/758"}],"wp:attachment":[{"href":"https:\/\/biomedical.vn\/en\/wp-json\/wp\/v2\/media?parent=719"}],"wp:term":[{"taxonomy":"product_cat","embeddable":true,"href":"https:\/\/biomedical.vn\/en\/wp-json\/wp\/v2\/product_cat?post=719"},{"taxonomy":"product_tag","embeddable":true,"href":"https:\/\/biomedical.vn\/en\/wp-json\/wp\/v2\/product_tag?post=719"}],"curies":[{"name":"wp","href":"https:\/\/api.w.org\/{rel}","templated":true}]}}