{"id":742,"date":"2022-07-21T17:17:53","date_gmt":"2022-07-21T10:17:53","guid":{"rendered":"https:\/\/biomedical.vn\/?post_type=product&#038;p=742"},"modified":"2022-09-16T08:36:27","modified_gmt":"2022-09-16T01:36:27","slug":"bo-kit-morgantm-hla-ssp","status":"publish","type":"product","link":"https:\/\/biomedical.vn\/en\/product\/bo-kit-morgantm-hla-ssp\/","title":{"rendered":"B\u1ed9 Kit MorganTM HLA SSP"},"content":{"rendered":"<p>B\u1ed9 Kit n\u00e0y cung c\u1ea5p k\u1ebft qu\u1ea3\u00a0 HLA-A, HLA-B v\u00e0 HLA-DRB v\u1edbi \u0111\u1ed9 ph\u00e2n gi\u1ea3i t\u1eeb th\u1ea5p \u0111\u1ebfn trung b\u00ecnh b\u1eb1ng ph\u01b0\u01a1ng ph\u00e1p d\u1ef1a tr\u00ean DNA.<\/p>\n<p>MorganTM HLA SSP Typing Kits x\u00e1c \u0111\u1ecbnh HLA l\u1edbp I, l\u1edbp II, b\u1ec7nh v\u00e0 thu\u1ed1c li\u00ean quan \u0111\u1ebfn c\u00e1c alen HLA v\u00e0 HPA. C\u00e1c s\u1ea3n ph\u1ea9m SSP c\u00f3 s\u1eb5n \u1edf \u0111\u1ecbnh d\u1ea1ng 96 gi\u1ebfng ti\u00eau chu\u1ea9n v\u1edbi c\u00e1c m\u1ed3i \u0111\u01b0\u1ee3c \u0111\u00e1nh gi\u00e1 s\u01a1 b\u1ed9 c\u0169ng nh\u01b0 v\u00e0 thi\u1ebft k\u1ebf gi\u1ebfng chia s\u00e1ng t\u1ea1o cho c\u00e1c s\u1ea3n ph\u1ea9m c\u1ee5 th\u1ec3.<\/p>\n<ul>\n<li>96 gi\u1ebfng m\u1ed7i l\u1ea7n ki\u1ec3m tra.<\/li>\n<li>M\u1ed3i \u0111\u00f4ng kh\u00f4 tr\u00ean t\u1ea5m PCR.<\/li>\n<li>L\u1ecd \u0111\u1ec7m c\u00e1 nh\u00e2n cho m\u1ed7i test.<\/li>\n<li>Ki\u1ec3m so\u00e1t bao b\u00ec trong gi\u1ebfng 1.<\/li>\n<li>B\u0103ng ki\u1ec3m so\u00e1t n\u1ed9i b\u1ed9 \u1edf m\u1ecdi gi\u1ebfng.<\/li>\n<\/ul>","protected":false},"excerpt":{"rendered":"<p>B\u1ed9 Kit n\u00e0y cung c\u1ea5p k\u1ebft qu\u1ea3\u00a0 HLA-A, HLA-B v\u00e0 HLA-DRB v\u1edbi \u0111\u1ed9 ph\u00e2n gi\u1ea3i t\u1eeb th\u1ea5p \u0111\u1ebfn trung b\u00ecnh b\u1eb1ng ph\u01b0\u01a1ng ph\u00e1p d\u1ef1a tr\u00ean DNA. MorganTM HLA SSP Typing Kits x\u00e1c \u0111\u1ecbnh HLA l\u1edbp I, l\u1edbp II, b\u1ec7nh v\u00e0 thu\u1ed1c li\u00ean quan \u0111\u1ebfn c\u00e1c alen HLA v\u00e0 HPA. C\u00e1c s\u1ea3n ph\u1ea9m SSP c\u00f3 s\u1eb5n [&#8230;]","protected":false},"featured_media":743,"template":"","meta":[],"product_cat":[48],"product_tag":[],"class_list":{"0":"post-742","1":"product","2":"type-product","3":"status-publish","4":"has-post-thumbnail","6":"product_cat-hang-san-xuat","8":"first","9":"instock","10":"shipping-taxable","11":"product-type-simple"},"_links":{"self":[{"href":"https:\/\/biomedical.vn\/en\/wp-json\/wp\/v2\/product\/742","targetHints":{"allow":["GET"]}}],"collection":[{"href":"https:\/\/biomedical.vn\/en\/wp-json\/wp\/v2\/product"}],"about":[{"href":"https:\/\/biomedical.vn\/en\/wp-json\/wp\/v2\/types\/product"}],"wp:featuredmedia":[{"embeddable":true,"href":"https:\/\/biomedical.vn\/en\/wp-json\/wp\/v2\/media\/743"}],"wp:attachment":[{"href":"https:\/\/biomedical.vn\/en\/wp-json\/wp\/v2\/media?parent=742"}],"wp:term":[{"taxonomy":"product_cat","embeddable":true,"href":"https:\/\/biomedical.vn\/en\/wp-json\/wp\/v2\/product_cat?post=742"},{"taxonomy":"product_tag","embeddable":true,"href":"https:\/\/biomedical.vn\/en\/wp-json\/wp\/v2\/product_tag?post=742"}],"curies":[{"name":"wp","href":"https:\/\/api.w.org\/{rel}","templated":true}]}}